{"id":32796,"date":"2024-10-08T16:55:36","date_gmt":"2024-10-08T14:55:36","guid":{"rendered":"https:\/\/habitrealestate.com\/servizi\/"},"modified":"2025-02-03T09:57:25","modified_gmt":"2025-02-03T07:57:25","slug":"servizi","status":"publish","type":"page","link":"https:\/\/ns1.habitrealestate.com\/it\/servizi\/","title":{"rendered":"Servizi"},"content":{"rendered":"\t\t<div data-elementor-type=\"wp-page\" data-elementor-id=\"32796\" class=\"elementor elementor-32796 elementor-22372\">\n\t\t\t\t<div class=\"elementor-element elementor-element-08f452e e-flex e-con-boxed e-con e-parent\" data-id=\"08f452e\" data-element_type=\"container\">\n\t\t\t\t\t<div class=\"e-con-inner\">\n\t\t\t\t<div class=\"elementor-element elementor-element-d31d762 elementor-widget elementor-widget-heading\" data-id=\"d31d762\" data-element_type=\"widget\" data-widget_type=\"heading.default\">\n\t\t\t\t<div class=\"elementor-widget-container\">\n\t\t\t<h2 class=\"elementor-heading-title elementor-size-default\">Servizi che Forniamo<\/h2>\t\t<\/div>\n\t\t\t\t<\/div>\n\t\t\t\t\t<\/div>\n\t\t\t\t<\/div>\n\t\t<div class=\"elementor-element elementor-element-3fbb43c e-flex e-con-boxed e-con e-parent\" data-id=\"3fbb43c\" data-element_type=\"container\">\n\t\t\t\t\t<div class=\"e-con-inner\">\n\t\t\t\t<div class=\"elementor-element elementor-element-fe5b03a elementor-widget elementor-widget-text-editor\" data-id=\"fe5b03a\" data-element_type=\"widget\" data-widget_type=\"text-editor.default\">\n\t\t\t\t<div class=\"elementor-widget-container\">\n\t\t\t\t\t\t\t<div id=\"qe-faq-3553\" class=\"qe-faq-content\">\n<h4><u>1. SERVIZI IMMOBILIARI<\/u><\/h4>\n<p><b>a) Servizi di vendita di beni Immobiliari<\/b><br>Concerne i proprietari di beni immobiliari. Intraprendiamo la vendita dei vostri beni immobiliari grazie \u00e0 la giusta proiezione e la promozione che possiamo avere attraverso il nostro Web-site, al quale riferiscono tutti i maggiori motori di recerca nel internet, come anche le grandi associazioni internazionali delle quali facciamo parte. Esiste pure sempre una grande lista di clienti della nostra agenzia che aspettano a trovare l&#8217; immobile giusto. Per intraprendere una vendita abbiamo bisogno avere i seguenti <span style=\"color: #c78822;\"><a href=\"#wow-modal-id-15\">Documenti.<\/a><\/span><br><b>b) Compre<\/b><br>Servizi di ricerca per compra di immobili per candidati compratori. <b style=\"color: #75797a;\"> Habit<\/b> dispone di una gamma notevole di immobili. Sicuramente uno di questi pu\u00f2 essere l&#8217;immobile giusto per voi.<br><b>c) Messa in affitto<\/b><br>Le locazioni riguardano i proprietari interessati ad affittare le proprie propriet\u00e0 ad altri per uso personale o professionale. In particolare nelle residenze, l&#8217;affitto ha un periodo minimo di 3 mesi con un affitto mensile o pagato con un importo fisso per un periodo particolare. A questo scopo offriamo nel nostro sito Web annunci di noleggio gratuiti. I locatori devono cliccare sul pulsante <a href=\"\/it\/create-listing\/\" target=\"_blank\" rel=\"noopener\">&#8220;Crea Annuncio di Affitto Gratuito&#8221;<\/a> effettuare il login o registrarsi (se non lo sono), compilare il modulo con tutti i dettagli necessari riguardanti la loro propriet\u00e0, con la descrizione devono scrivere i propri dati personali di contatto (telefono, email o altro cos\u00ec che gli interessati possono contattarli) e infine cliccare il pulsante &#8220;Inviare Propriet\u00e0&#8221;. L&#8217; annuncio sar\u00e0 approvato entro due giorni feriali. Non si applicano commissioni di intermediazione.<br><b>d) Locazioni<\/b><br>Concerne i locatori candidati di un immobile privato oppure professionale. Se siete interessati a la locazione di un immobile, potete scegliere l&#8217; immobile adatto a voi da una grande variet\u00e0 d&#8217;immobili che abbiamo. Specialmente per locatori professionali possiamo indicarvi le localit\u00e0, oppure gli immobili che valorizzeranno la vostra attivit\u00e0 professionale. Avere la sede perfetta per la sua attivit\u00e0 migliora la sua missione aziendale e aiuta a raggiungere gli obiettivi. Se ha bisogno di questo tipo di aiuto, non esitare a contattarci tramite il &#8220;Modulo di Assistenza Immobiliare nella nostra Pagina Iniziale.<\/p><\/div>\n<div id=\"qe-faq-3553\" class=\"qe-faq-content\">\n<h4><u>2. SERVIZI di SUPPORTO di COMPRA-VENDITE<\/u><\/h4>\n<p><b>a) Estimazioni<\/b><br>L&#8217;estimazione di un bene immobiliare \u00e9 condizione indispensabile per la determinazione equa del suo valore commerciale. Costituisce elemento di base della facilit\u00e0 de vendita o meno. L&#8217;estimazione del la valore commerciale \u00e9 offerto gratuitamente agli proprietari che ci affidano in esclusivit\u00e0 il loro immobile. L&#8217;estimo del valore di un immobile \u00e9 eseguito quando \u00e9 prevista l&#8217; uso professionale di questo immobile, sulla base delle condizioni di mercato et dei dati del&#8217; attivit\u00e0 professionale alla quale si integrer\u00e0. \u00c8 elemento indispensabile per la decisione o meno di comprare un preciso immobile. \u00c8 anche strumento di comparazione di diversi immobili per investitori esigenti.<br><b>b) Servizi fiscali e di Contabilit\u00e0<\/b><br>I servizi contabili-fiscali sono forniti da collaboratori, sotto la nostra sorveglianza diretta e seguiti continuamente da noi, per l&#8217; esecuzione rapida e corretta.<br><b>c) Controllo giuridico \/ legale<\/b><br>La nostra agenzia, in tutti i casi, fa un controllo sommario giuridico iniziale, ogni volta che un immobile \u00e9 rappresentato. Prima di firmare contratto ufficiale, oppure qualsiasi altro documento ufficiale si realizza un controllo giuridico completo e di fondo dagli avocati nostri collaboratori. Cosi si assicura una protezione per tutte e due le parti (compratore-venditore).<\/p><\/div>\n<div id=\"qe-faq-3553\" class=\"qe-faq-content\">\n<h4><u>3. COSTRUZIONI<\/u><\/h4>\n<p><b>Servizi di Costruzione et Consulenza<\/b><br><b style=\"color: #75797a;\"> Habit<\/b> basato sull&#8217; esperienza e il &#8220;know-how&#8221; de della ditta gemella Domon, in cooperazione (e sotto la nostra sorveglianza totale) intraprende qualsiasi costruzione e qualsiasi servizio di consulenza tecnica. Tutto il soggetto, come anche le procedure e i dettagli sono sufficientemente esposti nella pagina <a href=\"\/it\/costruzioni\/\" target=\"_blank\" rel=\"noopener\">&#8220;Costruzioni&#8221;.<\/a> Alcuni esempi dei nostri lavori potete pertanto trovare nella nostra pagina <a href=\"\/it\/portfolio\/\" target=\"_blank\" rel=\"noopener\">&#8220;Portfolio&#8221;<\/a>.<\/p>\n<h4><u>4. ALTRI SERVIZI<\/u><\/h4>\n<p><b>a) Controllo et cura di Immobili<\/b><br><b style=\"color: #75797a; font-family: Helvetica, Arial, sans-serif; font-size: 14px;\">Habit<\/b> intraprende la sorveglianza e la cura della vostra residenza, i vostri conti, propriet\u00e1 affittate, cura del vostro giardino, controllo di problemi di manutenzione, etc.<br><b>b)Assistenza clienti<\/b><br>Il personale di&nbsp;<b style=\"color: #75797a;\">Habit<\/b> \u00e8 sempre disponibile. Potete contattarci sempre per telefono, per e-mail, oppure ancora meglio visitarci in Ag. Marina di Leros. Per ulteriori informazioni per il modo di contattarci potete visitare la pagina di <a href=\"\/it\/contato\" target=\"_blank\" rel=\"noopener\"> Contatto <\/a> oppure guardare al fondo di questa pagina. Siamo sempre disponibili di aiutarvi in qualsiasi modo possiamo!<\/p>\n<\/div>\t\t\t\t\t\t<\/div>\n\t\t\t\t<\/div>\n\t\t\t\t\t<\/div>\n\t\t\t\t<\/div>\n\t\t<div class=\"elementor-element elementor-element-1cce46b e-con-full e-flex e-con e-parent\" data-id=\"1cce46b\" data-element_type=\"container\">\n\t\t<div class=\"elementor-element elementor-element-f1de5f1 e-flex e-con-boxed e-con e-child\" data-id=\"f1de5f1\" data-element_type=\"container\">\n\t\t\t\t\t<div class=\"e-con-inner\">\n\t\t<div class=\"elementor-element elementor-element-b16ecaa e-con-full e-flex e-con e-child\" data-id=\"b16ecaa\" data-element_type=\"container\" data-settings=\"{&quot;background_background&quot;:&quot;classic&quot;}\">\n\t\t<div class=\"elementor-element elementor-element-e8d6815 e-con-full e-flex e-con e-child\" data-id=\"e8d6815\" data-element_type=\"container\">\n\t\t\t\t<div class=\"elementor-element elementor-element-59e98e0 elementor-widget elementor-widget-text-editor\" data-id=\"59e98e0\" data-element_type=\"widget\" data-widget_type=\"text-editor.default\">\n\t\t\t\t<div class=\"elementor-widget-container\">\n\t\t\t\t\t\t\t<p><strong><span style=\"font-size: large;\">Iscriviti alla nostra Newsletter, per ricevere prima i nostri Nuovi Annunci e Promozioni.<\/span><\/strong><\/p>\t\t\t\t\t\t<\/div>\n\t\t\t\t<\/div>\n\t\t\t\t<\/div>\n\t\t\t\t<div class=\"elementor-element elementor-element-4d1d4df elementor-button-align-stretch elementor-widget elementor-widget-houzez_elementor_contact_form\" data-id=\"4d1d4df\" data-element_type=\"widget\" data-widget_type=\"houzez_elementor_contact_form.default\">\n\t\t\t\t<div class=\"elementor-widget-container\">\n\t\t\t\n        <script type=\"application\/javascript\">\n            jQuery(document).bind(\"ready\", function () {\n                houzezValidateElementor(\"#houzez-form-4d1d4df\" );\n            });\n        <\/script>\n\n        <form class=\"elementor-form\" id=\"houzez-form-4d1d4df\" method=\"post\" name=\"Newsletter Subscription\" action=\"https:\/\/ns1.habitrealestate.com\/wp-admin\/admin-ajax.php\">\n            <input type=\"hidden\" name=\"form_id\" value=\"4d1d4df\"\/>\n            <input type=\"hidden\" name=\"houzez_contact_form\" value=\"yes\"\/>\n            <input type=\"hidden\" name=\"action\" value=\"houzez_ele_contact_form\" \/>\n            <input type=\"hidden\" name=\"source_link\" value=\"https:\/\/ns1.habitrealestate.com\/it\/servizi\/\" \/>\n            <input type=\"hidden\" name=\"lead_page_id\" value=\"32796\" \/>\n            <input type=\"hidden\" name=\"email_to\" value=\"newsletter@habitrealestate.com\" \/>\n            <input type=\"hidden\" name=\"email_subject\" value=\"New message from &quot;Habit RealEstate &amp; Constructions Company in the Dodecanese islands&quot;\" \/>\n            <input type=\"hidden\" name=\"email_to_cc\" value=\"\" \/>\n            <input type=\"hidden\" name=\"email_to_bcc\" value=\"\" \/>\n            <input type=\"hidden\" name=\"webhook\" value=\"true\" \/>\n            <input type=\"hidden\" name=\"webhook_url\" value=\"\" \/>\n            <input type=\"hidden\" name=\"redirect_to\" value=\"\" \/>\n            <input type=\"hidden\" name=\"google_recaptcha\" value=\"yes\" \/>\n            \n\n            <div class=\"elementor-form-fields-wrapper elementor-labels-above\">\n\n                                    <div class=\"elementor-field-group elementor-column form-group elementor-field-group-name elementor-col-33 elementor-field-required elementor-mark-required\">\n                    <label for=\"form-field-name\" class=\"elementor-field-label\">Nome<\/label><input type=\"text\" name=\"name\" id=\"form-field-name\" class=\"elementor-field form-control elementor-size-xs elementor-field-textual\" placeholder=\"Il Suo Nome\" title=\"* Nome\" required=\"required\">                    <\/div>\n\n                                        <div class=\"elementor-field-group elementor-column form-group elementor-field-group-email elementor-col-33 elementor-field-required elementor-mark-required\">\n                    <label for=\"form-field-email\" class=\"elementor-field-label\">Email<\/label><input type=\"email\" name=\"email\" id=\"form-field-email\" class=\"elementor-field form-control elementor-size-xs elementor-field-textual\" placeholder=\"Il Suo Email\" title=\"* Email\" required=\"required\">                    <\/div>\n\n                    \n                    \n                                        <div class=\"\">\n                        <div class=\"form-group captcha_wrapper houzez-grecaptcha-v3\">\n    <div class=\"houzez_google_reCaptcha\"><\/div>\n<\/div>\n                    <\/div>\n                    \n                    <div class=\"elementor-field-group elementor-column elementor-field-type-submit elementor-col-33\">\n                    <button type=\"submit\" class=\"houzez-submit-button houzez-contact-form-js elementor-button elementor-size-sm\">\n                        <i class=\"btn-loader houzez-loader-js\"><\/i>\n                                                    Iscriviti                                            <\/button>\n                <\/div>\n            <\/div><!-- End wrapper-->\n            <br\/>\n            <div class=\"ele-form-messages\"><\/div>\n            <div class=\"error-container\"><\/div>\n\n        <\/form>\n\n    \t\t<\/div>\n\t\t\t\t<\/div>\n\t\t\t\t<\/div>\n\t\t\t\t\t<\/div>\n\t\t\t\t<\/div>\n\t\t\t\t<\/div>\n\t\t\t\t<\/div>\n\t\t","protected":false},"excerpt":{"rendered":"<p>Servizi che Forniamo 1. SERVIZI IMMOBILIARI a) Servizi di vendita di beni ImmobiliariConcerne i proprietari di beni immobiliari. Intraprendiamo la vendita dei vostri beni immobiliari grazie \u00e0 la giusta proiezione e la promozione che possiamo avere attraverso il nostro Web-site, al quale riferiscono tutti i maggiori motori di recerca nel internet, come anche le grandi [&hellip;]<\/p>\n","protected":false},"author":1,"featured_media":0,"parent":0,"menu_order":0,"comment_status":"closed","ping_status":"closed","template":"","meta":{"footnotes":""},"class_list":["post-32796","page","type-page","status-publish","hentry"],"_links":{"self":[{"href":"https:\/\/ns1.habitrealestate.com\/it\/wp-json\/wp\/v2\/pages\/32796","targetHints":{"allow":["GET"]}}],"collection":[{"href":"https:\/\/ns1.habitrealestate.com\/it\/wp-json\/wp\/v2\/pages"}],"about":[{"href":"https:\/\/ns1.habitrealestate.com\/it\/wp-json\/wp\/v2\/types\/page"}],"author":[{"embeddable":true,"href":"https:\/\/ns1.habitrealestate.com\/it\/wp-json\/wp\/v2\/users\/1"}],"replies":[{"embeddable":true,"href":"https:\/\/ns1.habitrealestate.com\/it\/wp-json\/wp\/v2\/comments?post=32796"}],"version-history":[{"count":45,"href":"https:\/\/ns1.habitrealestate.com\/it\/wp-json\/wp\/v2\/pages\/32796\/revisions"}],"predecessor-version":[{"id":33223,"href":"https:\/\/ns1.habitrealestate.com\/it\/wp-json\/wp\/v2\/pages\/32796\/revisions\/33223"}],"wp:attachment":[{"href":"https:\/\/ns1.habitrealestate.com\/it\/wp-json\/wp\/v2\/media?parent=32796"}],"curies":[{"name":"wp","href":"https:\/\/api.w.org\/{rel}","templated":true}]}}