{"id":32655,"date":"2024-10-08T15:55:30","date_gmt":"2024-10-08T13:55:30","guid":{"rendered":"https:\/\/habitrealestate.com\/constructions\/"},"modified":"2025-02-03T10:26:27","modified_gmt":"2025-02-03T08:26:27","slug":"costruzioni","status":"publish","type":"page","link":"https:\/\/ns1.habitrealestate.com\/it\/costruzioni\/","title":{"rendered":"Costruzioni"},"content":{"rendered":"\t\t<div data-elementor-type=\"wp-page\" data-elementor-id=\"32655\" class=\"elementor elementor-32655 elementor-20504\">\n\t\t\t\t<div class=\"elementor-element elementor-element-b5cd2e6 e-flex e-con-boxed e-con e-parent\" data-id=\"b5cd2e6\" data-element_type=\"container\">\n\t\t\t\t\t<div class=\"e-con-inner\">\n\t\t\t\t<div class=\"elementor-element elementor-element-0d151ec elementor-widget elementor-widget-heading\" data-id=\"0d151ec\" data-element_type=\"widget\" data-widget_type=\"heading.default\">\n\t\t\t\t<div class=\"elementor-widget-container\">\n\t\t\t<h2 class=\"elementor-heading-title elementor-size-default\">Come Intraprendiamo le Costruzioni<\/h2>\t\t<\/div>\n\t\t\t\t<\/div>\n\t\t\t\t<div class=\"elementor-element elementor-element-df35dbe elementor-widget elementor-widget-text-editor\" data-id=\"df35dbe\" data-element_type=\"widget\" data-widget_type=\"text-editor.default\">\n\t\t\t\t<div class=\"elementor-widget-container\">\n\t\t\t\t\t\t\t<div id=\"qe-faq-3553\" class=\"qe-faq-content\">\n\n<img decoding=\"async\" class=\"alignleft\" src=\"https:\/\/habitrealestate.com\/wp-content\/uploads\/2024\/10\/2-3.jpg\" width=\"228\" align=\"left\" border=\"0\" \/><b>Se<\/b> non avete trovato una casa come la gradireste, (o ci\u00f2 che avete trovato \u00e8 fuori delle vostre possibilit\u00e0 finanziarie), se possedete gi\u00e0 un terreno per costruire la vostra casa, se avete gi\u00e0 una casa che dovete modificare, <i><b>Habit<\/b><\/i> tramite (e con) il nostro socio DOMON possiamo realizzare qualsiasi progetto, concretizzare qualsiasi idea che avete. Intraprendiamo qualsiasi costruzione personale o professionale.\nGarantiamo che la vostra partecipazione nel processo per ci\u00f2 che riguarda la parte pratica e tecnica sar\u00e0 minima. Qualsiasi progetto sar\u00e0 deciso accuratamente insieme a voi in anticipo. Vi spiegheremo tutto sulla parte technica finanziaria prima di ogni passo, e non avrete sorprese.\nEsempi dei nostri lavori potete pertanto trovare nella nostra pagina <a href=\"\/it\/portfolio\" target=\"_blank\" rel=\"noopener\">portfolio<\/a>. Durante la realizzazione vi diamo la gioia di vedere il vostro ideale realizzarsi, senza pressioni ne preoccupazioni. Se possedete gi\u00e0 una propriet\u00e0 e vorreste rifarla, o ricostruire una residenza esistente, o restaurare una casa di stile tradizionale possiamo interamente intraprendere il vostro progetto ed darvi idee e consigli sui materiali ed la progettazione. Tuttavia, in ogni caso, alcune questioni dovrebbero essere esaminate ed alcune tappe devono essere seguite\u2026 Ecco una presentazione sommaria di queste tappe:\n\n<\/div>\n<div id=\"qe-faq-3553\" class=\"qe-faq-content\">\n<h4>1. SELEZIONE DI STILE DI COSTRUZIONE, COSTI E DISEGNO<\/h4>\nQuesta sezione parte con le idee del cliente e riguarda la funzionalit\u00e0 ed il modo di costruzione o di ricostruzione.\nVogliamo che vi rendete conto degli argomenti discussi cos\u00ec il risultato rifletter\u00e0 le vostre esigenze, mettiamo a punto tutto insieme, a livello tecnico ed estetico, definendo contemporaneamente il preventivo di massima. Questo processo ha un prodotto finale: i piani architettonici e tecnici, che sono la base della costruzione che avremo deciso alla fine di questa discussione. Questi piani costituiscono anche la base del progetto per la costruzione che sar\u00e0 presentato all&#8217;ufficio competente di Urbanistica del Comune per approvazione.\n\n<\/div>\n<div id=\"qe-faq-3553\" class=\"qe-faq-content\">\n<h4>2. PERMESSO DI COSTRUZIONE<\/h4>\nDopo aver presentato il progetto all&#8217;ufficio Urbanistico complettiamo il dossier con tutti i documenti necessari (rapporti e studi technici e pagamenti di tasse) seguendo tutto fino a che il permesso sia emesso. A volte ci sono varie approvazioni da ottenere prima dell&#8217;emissione del permesso.\n\n<\/div>\n<div id=\"qe-faq-3553\" class=\"qe-faq-content\">\n<h4>3. ACCORDO PRIVATO<\/h4>\nDurante e\/o dopo l&#8217;emissione del permesso di costruzione, il preventivo ed i piani possono essere messi a punto secondo i materiali che saranno usati per la costruzione, come anche dei particolari costruttivi e funzionali. Il preventivo \u00e8 discusso e cambiato se necessario, aggiungendo o sottraendo lavori e materiali, ed una volta deciso costituisce la base per l&#8217;accordo definitivo. L&#8217;accordo definitivo \u00e8 firmato delle ambedue le parti. Le modalit\u00e0 e le condizioni in quest&#8217;accordo sono finanziarie, tecniche, legali, e riguardando anche i materiali che saranno usati. Questi termini sono in generale i seguenti:\n<ul>\n \t<li>&#8211; La descrizione generale dei lavori.<\/li>\n \t<li>&#8211; Le responsabilit\u00e0 del costruttore di fronte al proprietario.<\/li>\n \t<li>&#8211; Il tempo per la consegna dell&#8217; opera, e le penalit\u00e0 finanziarie in caso di notevole ritardo.<\/li>\n \t<li>&#8211; La somma totale ed il programma dei pagamenti in funzione dell&#8217;avanzamento dei lavori.<\/li>\n \t<li>&#8211; La descrizione precisa dei lavori e dei materiali per ogni parte della costruzione (la struttura, le pareti, i tetti, i rinforzi, gli impianti principali) costituisce una seconda parte dell&#8217;accordo come allegato.<\/li>\n \t<li>&#8211; I piani della costruzione e degli impianti sono pure allegati e costituiscono (come l&#8217; accordo tecnico descritto sopra) una parte inestricabile del contratto.<\/li>\n<\/ul>\n&nbsp;\n\n<\/div>\n<div id=\"qe-faq-3553\" class=\"qe-faq-content\">\n<h4>4. MATERIALISAZIONE<\/h4>\nLa vostra iniziativa in questa parte \u00e8 poco importante poich\u00e9 l&#8217;esecuzione secondo i piani e nei termini convenuti \u00e8 la nostra responsabilit\u00e0, che garantisce la consegna desiderata del prodotto finale. La vostra partecipazione \u00e8 minima, poich\u00e9 il vostro carico \u00e8 semplicemente di riposarvi, e di osservare la nostra esecuzione secondo il programma. Potete visitare il cantiere tutte le volte che volete, ogni giorno o mai, ma vi proponiamo che dovreste essere l\u00e0 in due &#8211; tre momenti determinanti, sulla scelta di alcuni dettagli che sono critici per il prodotto finale.\n\n<\/div>\n<h6>Il risultato dei nostri lavori pertanto potete vederlo <a href=\"\/it\/portfolio\/\" target=\"_blank\" rel=\"noopener\"><span style=\"color: #c78822;\">QUI.<\/span><\/a><\/h6>\t\t\t\t\t\t<\/div>\n\t\t\t\t<\/div>\n\t\t\t\t\t<\/div>\n\t\t\t\t<\/div>\n\t\t<div class=\"elementor-element elementor-element-0c0a051 e-flex e-con-boxed e-con e-parent\" data-id=\"0c0a051\" data-element_type=\"container\">\n\t\t\t\t\t<div class=\"e-con-inner\">\n\t\t<div class=\"elementor-element elementor-element-d14911e e-con-full e-flex e-con e-child\" data-id=\"d14911e\" data-element_type=\"container\" data-settings=\"{&quot;background_background&quot;:&quot;classic&quot;}\">\n\t\t<div class=\"elementor-element elementor-element-548cf75 e-con-full e-flex e-con e-child\" data-id=\"548cf75\" data-element_type=\"container\">\n\t\t\t\t<div class=\"elementor-element elementor-element-67ecf7c elementor-widget elementor-widget-text-editor\" data-id=\"67ecf7c\" data-element_type=\"widget\" data-widget_type=\"text-editor.default\">\n\t\t\t\t<div class=\"elementor-widget-container\">\n\t\t\t\t\t\t\t<strong><span style=\"font-size: 17px;\">Iscriviti alla nostra Newsletter, per ricevere prima i nostri Nuovi Annunci e Promozioni.<\/span><\/strong>\t\t\t\t\t\t<\/div>\n\t\t\t\t<\/div>\n\t\t\t\t<\/div>\n\t\t\t\t<div class=\"elementor-element elementor-element-910c554 elementor-button-align-stretch elementor-widget elementor-widget-houzez_elementor_contact_form\" data-id=\"910c554\" data-element_type=\"widget\" data-widget_type=\"houzez_elementor_contact_form.default\">\n\t\t\t\t<div class=\"elementor-widget-container\">\n\t\t\t\n        <script type=\"application\/javascript\">\n            jQuery(document).bind(\"ready\", function () {\n                houzezValidateElementor(\"#houzez-form-910c554\" );\n            });\n        <\/script>\n\n        <form class=\"elementor-form\" id=\"houzez-form-910c554\" method=\"post\" name=\"Iscrizione alla Newsletter\" action=\"https:\/\/ns1.habitrealestate.com\/wp-admin\/admin-ajax.php\">\n            <input type=\"hidden\" name=\"form_id\" value=\"910c554\"\/>\n            <input type=\"hidden\" name=\"houzez_contact_form\" value=\"yes\"\/>\n            <input type=\"hidden\" name=\"action\" value=\"houzez_ele_contact_form\" \/>\n            <input type=\"hidden\" name=\"source_link\" value=\"https:\/\/ns1.habitrealestate.com\/it\/costruzioni\/\" \/>\n            <input type=\"hidden\" name=\"lead_page_id\" value=\"32655\" \/>\n            <input type=\"hidden\" name=\"email_to\" value=\"newsletter@habitrealestate.com\" \/>\n            <input type=\"hidden\" name=\"email_subject\" value=\"New message from &quot;Habit RealEstate &amp; Constructions Company in the Dodecanese islands&quot;\" \/>\n            <input type=\"hidden\" name=\"email_to_cc\" value=\"\" \/>\n            <input type=\"hidden\" name=\"email_to_bcc\" value=\"\" \/>\n            <input type=\"hidden\" name=\"webhook\" value=\"true\" \/>\n            <input type=\"hidden\" name=\"webhook_url\" value=\"\" \/>\n            <input type=\"hidden\" name=\"redirect_to\" value=\"\" \/>\n            <input type=\"hidden\" name=\"google_recaptcha\" value=\"yes\" \/>\n            \n\n            <div class=\"elementor-form-fields-wrapper elementor-labels-above\">\n\n                                    <div class=\"elementor-field-group elementor-column form-group elementor-field-group-name elementor-col-33 elementor-field-required elementor-mark-required\">\n                    <label for=\"form-field-name\" class=\"elementor-field-label\">Nome<\/label><input type=\"text\" name=\"name\" id=\"form-field-name\" class=\"elementor-field form-control elementor-size-xs elementor-field-textual\" placeholder=\"Il suo Nome\" title=\"* Nome\" required=\"required\">                    <\/div>\n\n                                        <div class=\"elementor-field-group elementor-column form-group elementor-field-group-email elementor-col-33 elementor-field-required elementor-mark-required\">\n                    <label for=\"form-field-email\" class=\"elementor-field-label\">Email<\/label><input type=\"email\" name=\"email\" id=\"form-field-email\" class=\"elementor-field form-control elementor-size-xs elementor-field-textual\" placeholder=\"Il Suo Email\" title=\"* Email\" required=\"required\">                    <\/div>\n\n                    \n                    \n                                        <div class=\"\">\n                        <div class=\"form-group captcha_wrapper houzez-grecaptcha-v3\">\n    <div class=\"houzez_google_reCaptcha\"><\/div>\n<\/div>\n                    <\/div>\n                    \n                    <div class=\"elementor-field-group elementor-column elementor-field-type-submit elementor-col-33\">\n                    <button type=\"submit\" class=\"houzez-submit-button houzez-contact-form-js elementor-button elementor-size-sm\">\n                        <i class=\"btn-loader houzez-loader-js\"><\/i>\n                                                    Iscriversi                                            <\/button>\n                <\/div>\n            <\/div><!-- End wrapper-->\n            <br\/>\n            <div class=\"ele-form-messages\"><\/div>\n            <div class=\"error-container\"><\/div>\n\n        <\/form>\n\n    \t\t<\/div>\n\t\t\t\t<\/div>\n\t\t\t\t<\/div>\n\t\t\t\t\t<\/div>\n\t\t\t\t<\/div>\n\t\t\t\t<\/div>\n\t\t","protected":false},"excerpt":{"rendered":"<p>Come Intraprendiamo le Costruzioni Se non avete trovato una casa come la gradireste, (o ci\u00f2 che avete trovato \u00e8 fuori delle vostre possibilit\u00e0 finanziarie), se possedete gi\u00e0 un terreno per costruire la vostra casa, se avete gi\u00e0 una casa che dovete modificare, Habit tramite (e con) il nostro socio DOMON possiamo realizzare qualsiasi progetto, concretizzare [&hellip;]<\/p>\n","protected":false},"author":1,"featured_media":0,"parent":0,"menu_order":0,"comment_status":"closed","ping_status":"closed","template":"","meta":{"footnotes":""},"class_list":["post-32655","page","type-page","status-publish","hentry"],"_links":{"self":[{"href":"https:\/\/ns1.habitrealestate.com\/it\/wp-json\/wp\/v2\/pages\/32655","targetHints":{"allow":["GET"]}}],"collection":[{"href":"https:\/\/ns1.habitrealestate.com\/it\/wp-json\/wp\/v2\/pages"}],"about":[{"href":"https:\/\/ns1.habitrealestate.com\/it\/wp-json\/wp\/v2\/types\/page"}],"author":[{"embeddable":true,"href":"https:\/\/ns1.habitrealestate.com\/it\/wp-json\/wp\/v2\/users\/1"}],"replies":[{"embeddable":true,"href":"https:\/\/ns1.habitrealestate.com\/it\/wp-json\/wp\/v2\/comments?post=32655"}],"version-history":[{"count":13,"href":"https:\/\/ns1.habitrealestate.com\/it\/wp-json\/wp\/v2\/pages\/32655\/revisions"}],"predecessor-version":[{"id":33260,"href":"https:\/\/ns1.habitrealestate.com\/it\/wp-json\/wp\/v2\/pages\/32655\/revisions\/33260"}],"wp:attachment":[{"href":"https:\/\/ns1.habitrealestate.com\/it\/wp-json\/wp\/v2\/media?parent=32655"}],"curies":[{"name":"wp","href":"https:\/\/api.w.org\/{rel}","templated":true}]}}