{"id":32440,"date":"2020-02-24T22:15:15","date_gmt":"2020-02-24T20:15:15","guid":{"rendered":"https:\/\/habitrealestate.com\/noi\/"},"modified":"2025-02-01T18:15:09","modified_gmt":"2025-02-01T16:15:09","slug":"noi","status":"publish","type":"page","link":"https:\/\/ns1.habitrealestate.com\/it\/noi\/","title":{"rendered":"Noi"},"content":{"rendered":"\t\t<div data-elementor-type=\"wp-page\" data-elementor-id=\"32440\" class=\"elementor elementor-32440 elementor-16650\">\n\t\t\t\t\t\t<section class=\"elementor-section elementor-top-section elementor-element elementor-element-09038dc elementor-section-content-top elementor-section-boxed elementor-section-height-default elementor-section-height-default\" data-id=\"09038dc\" data-element_type=\"section\" data-settings=\"{&quot;background_background&quot;:&quot;classic&quot;}\">\n\t\t\t\t\t\t\t<div class=\"elementor-background-overlay\"><\/div>\n\t\t\t\t\t\t\t<div class=\"elementor-container elementor-column-gap-no\">\n\t\t\t\t\t<div class=\"elementor-column elementor-col-100 elementor-top-column elementor-element elementor-element-c8278ac\" data-id=\"c8278ac\" data-element_type=\"column\" data-settings=\"{&quot;background_background&quot;:&quot;classic&quot;}\">\n\t\t\t<div class=\"elementor-widget-wrap elementor-element-populated\">\n\t\t\t\t\t\t<div class=\"elementor-element elementor-element-d13ab62 elementor-widget elementor-widget-heading\" data-id=\"d13ab62\" data-element_type=\"widget\" data-widget_type=\"heading.default\">\n\t\t\t\t<div class=\"elementor-widget-container\">\n\t\t\t<h2 class=\"elementor-heading-title elementor-size-default\">Qualche parola su di noi<\/h2>\t\t<\/div>\n\t\t\t\t<\/div>\n\t\t\t\t<div class=\"elementor-element elementor-element-69fe9b8 elementor-widget__width-initial elementor-widget elementor-widget-text-editor\" data-id=\"69fe9b8\" data-element_type=\"widget\" data-widget_type=\"text-editor.default\">\n\t\t\t\t<div class=\"elementor-widget-container\">\n\t\t\t\t\t\t\t<div id=\"qe-faq-3553\" class=\"qe-faq-content\" style=\"padding-top: 1px; margin: 10px 0px; color: #75797a; font-family: Helvetica, Arial, sans-serif; font-size: 14px; text-align: start;\">\n<h4 style=\"margin: 0px 0px 15px; font-family: Roboto, Helvetica, Arial, sans-serif; font-weight: normal; line-height: 26px; color: #394041; text-rendering: optimizelegibility; font-size: 20px;\">La nostra Azienda<\/h4>\n<div id=\"qe-faq-3553\" class=\"qe-faq-content\" style=\"padding-top: 1px; margin: 10px 0px; color: #75797a; font-family: Helvetica, Arial, sans-serif; font-size: 14px; text-transform: none;\">\n<p style=\"margin-right: 0px; margin-bottom: 15px; margin-left: 0px; line-height: 27px; font-size: 13px;\"><b><img decoding=\"async\" style=\"border-width: 0px; border-style: initial; margin-right: 15px;\" src=\"\/wp-content\/uploads\/2024\/10\/mylos.jpg\" width=\"228\" align=\"left\" border=\"0\">Habit<\/b> offre una proposta globale nel campo esigente del mercato immobiliare nelle isola del Dodecanneso principalmente, e anche in altre parti della Grecia isolana e continentale, in funzione delle esigenze della nostra clientela, come pure delle opportunit\u00e0 di profitto dei nostri clienti in questo mercato. Assieme a la firma di Costruzioni e consulenza tecnica &#8220;<a href=\"http:\/\/domon.biz\" target=\"_blank\" rel=\"noopener\">Domon Architects<\/a>&#8220;,che e la seconda firma del nostro piccolo gruppo, possiamo darvi una proposta globale e significativa in questo campo. Siamo membri di tutte le Associazioni ufficiali nazionali (greche) e Internazionali di Agenti Immobiliari e Costruttori.<\/p>\n<\/div>\n<h4 style=\"margin-right: 0px; margin-bottom: 15px; margin-left: 0px; font-family: Roboto, Helvetica, Arial, sans-serif; line-height: 26px; color: #394041; text-rendering: optimizelegibility; font-size: 20px;\">La nostra Storia<\/h4>\n<div id=\"qe-faq-3553\" class=\"qe-faq-content\" style=\"padding-top: 1px; margin: 10px 0px; color: #75797a; font-family: Helvetica, Arial, sans-serif; font-size: 14px; text-transform: none;\">\n<p style=\"margin-right: 0px; margin-bottom: 15px; margin-left: 0px; line-height: 27px; font-size: 13px;\"><img decoding=\"async\" style=\"border-width: 0px; border-style: initial; margin-right: 15px;\" src=\"\/wp-content\/uploads\/2024\/10\/4-2.jpg\" width=\"228\" align=\"left\" border=\"0\"><b>Il<\/b> proprietario e i collaboratori di Habit e Domon hanno 20 anni di esperienza nella fornitura di servizi immobiliari e di costruzione, quando sono effettivamente entrati in gioco; servizi completi in residenze &#8211; come studio, supervisione e costruzione &#8211; e in costruzioni speciali &#8211; come unit\u00e0 alberghiere, ricostruzioni di monumenti e memoriali e altri edifici classici e in stile tradizionale. Durante questo periodo, non solo la necessit\u00e0 di una guida per il cliente \u00e8 diventata ovvia, ma anche la guida in ogni tipo di investimento, per quanto riguarda l&#8217;insieme di attivit\u00e0 in qualsiasi progetto di costruzione da zero. Per far s\u00ec che un investimento abbia successo o meno, il fattore che dovrebbe essere preso in considerazione \u00e8 la giusta guida; la scelta accurata del luogo, i mezzi di finanziamento adatti, l&#8217;uso e la promozione precisi sono elementi che determinano il successo dell&#8217;investimento pi\u00f9 della sua stessa esecuzione.   Principalmente abbiamo scoperto che la maggior parte dei nostri clienti aveva sperimentato conseguenze spaventose a causa di decisioni sbagliate, partnership inappropriate, perdite di tempo nella burocrazia o persino disconoscimento delle responsabilit\u00e0 di tutti gli individui che avevano preso parte durante l&#8217;intero processo. Il risultato finale era solo una piccola parte dell&#8217;obiettivo iniziale. Quindi, sebbene senza alcuna infrastruttura o esperienza, abbiamo deciso di mettere tutto insieme centralizzando tutte le attivit\u00e0 necessarie per mettere tali investimenti in orbita di successo. Abbiamo subito compreso che questo non \u00e8 un lavoro da dilettanti e che \u00e8 necessario non solo avere un&#8217;infrastruttura essenziale, ma soprattutto necessita di strategia, divisione dei compiti e attenta sorveglianza durante l&#8217;implementazione del progetto per sfruttare appieno tutti i potenziali benefici. Tenendo conto di tutto quanto sopra, queste due societ\u00e0 sono state create con una missione comune la gestione, l&#8217;implementazione e il controllo di ogni sviluppo offrendo un&#8217;ampia gamma di servizi, a partire dalla ricerca, negoziazione e acquisto e realizzazione fino all&#8217;assicurazione e alla manutenzione. Ognuna di queste societ\u00e0 interconnesse ha la propria presenza separatamente, nel settore immobiliare e delle costruzioni a seconda della natura del prodotto o servizio che fornisce o del pubblico a cui si rivolge. Cercare il meglio e fornire sempre servizi di alta qualit\u00e0 \u00e8 la loro caratteristica comune. Pertanto, si rivolgono a un pubblico molto esigente che richiede offerte eccezionali, qualit\u00e0, design e servizio di consulenza a lungo termine.       <\/p>\n<\/div>\n<h4 style=\"margin-right: 0px; margin-bottom: 15px; margin-left: 0px; font-family: Roboto, Helvetica, Arial, sans-serif; line-height: 26px; color: #394041; text-rendering: optimizelegibility; font-size: 20px;\">Le Persone<\/h4>\n<div id=\"qe-faq-3553\" class=\"qe-faq-content\" style=\"padding-top: 1px; margin: 10px 0px; color: #75797a; font-family: Helvetica, Arial, sans-serif; font-size: 14px; text-transform: none;\">\n<p style=\"margin-right: 0px; margin-bottom: 15px; margin-left: 0px; line-height: 27px; font-size: 13px;\"><img decoding=\"async\" style=\"border-width: 0px; border-style: initial; margin-right: 15px;\" src=\"\/wp-content\/uploads\/2024\/10\/2-3.jpg\" width=\"228\" align=\"left\" border=\"0\"><b>Il<\/b> proprietario e i nostri soci sono stati ben istruiti e formati attraverso studi tecnici. Inoltre, la loro esperienza nel corso di questi anni li ha dotati dell&#8217;esperienza professionale per trattare in modo redditizio con tutti i clienti.  Il direttore responsabile (e proprietario) \u00e8 Stavros Tselemegos. Si \u00e8 laureato all&#8217;Universit\u00e0 di Firenze come ingegnere architetto e ha ampliato le sue conoscenze all&#8217;Universit\u00e0 di Roma specializzandosi nel restauro dei monumenti con un master. A parte l&#8217;Italia, ha vissuto per periodi di tempo in Francia e Spagna, dove ha anche lavorato in costruzioni selettive. Inoltre, ha lavorato ad Atene, Mykonos e nel Dodecanneso settentrionale (Leros, Patmos, Lipsoi, Kalymnos e Agathonisi). \u00c8 anche il proprietario della compagnia di architettura e costruzione &#8220;<a href=\"https:\/\/domon.biz\" target=\"_blank\" rel=\"noopener\">Domon Architetti<\/a>&#8221; con sede a Leros e opera in tutto il Dodecanneso settentrionale. \u00c8 anche un appaltatore e costruttore di case per progetti edilizi e Landscaping. Parla inglese, francese, spagnolo, italiano e greco. Ha deciso di abitare e commerciare nel complesso del Dodecanneso settentrionale, avendo come base un&#8217;isola con un notevole background storico e una bellezza naturale, l&#8217;isola di Leros. Leros si \u00e8 dimostrata una scelta di successo finora, poich\u00e9 offre un&#8217;elevata qualit\u00e0 della vita e standard di lavoro elevati rispetto alle aree metropolitane sia in Grecia che in Europa. Il suo sito web personale come architetto \u00e8: <a style=\"color: #8b9293;\" href=\"https:\/\/tselemegos.com\/\" target=\"_blank\" rel=\"noopener\">Questo<\/a>         <\/p>\n<\/div>\n<\/div>\n\t\t\t\t\t\t<\/div>\n\t\t\t\t<\/div>\n\t\t\t\t\t<\/div>\n\t\t<\/div>\n\t\t\t\t\t<\/div>\n\t\t<\/section>\n\t\t<div class=\"elementor-element elementor-element-3ae5af6 e-con-full e-flex e-con e-parent\" data-id=\"3ae5af6\" data-element_type=\"container\" data-settings=\"{&quot;background_background&quot;:&quot;classic&quot;}\">\n\t\t<div class=\"elementor-element elementor-element-63a9762 e-con-full e-flex e-con e-child\" data-id=\"63a9762\" data-element_type=\"container\">\n\t\t\t\t<div class=\"elementor-element elementor-element-aff7f06 elementor-widget elementor-widget-text-editor\" data-id=\"aff7f06\" data-element_type=\"widget\" data-widget_type=\"text-editor.default\">\n\t\t\t\t<div class=\"elementor-widget-container\">\n\t\t\t\t\t\t\t<p><strong><span style=\"font-size: large;\">Iscriviti alla nostra Newsletter, per ricevere prima i nostri Nuovi Annunci e Promozioni.<\/span><\/strong><\/p>\n\t\t\t\t\t\t<\/div>\n\t\t\t\t<\/div>\n\t\t\t\t<\/div>\n\t\t\t\t<div class=\"elementor-element elementor-element-a55a1de elementor-button-align-stretch elementor-widget elementor-widget-houzez_elementor_contact_form\" data-id=\"a55a1de\" data-element_type=\"widget\" data-widget_type=\"houzez_elementor_contact_form.default\">\n\t\t\t\t<div class=\"elementor-widget-container\">\n\t\t\t\n        <script type=\"application\/javascript\">\n            jQuery(document).bind(\"ready\", function () {\n                houzezValidateElementor(\"#houzez-form-a55a1de\" );\n            });\n        <\/script>\n\n        <form class=\"elementor-form\" id=\"houzez-form-a55a1de\" method=\"post\" name=\"Iscrizione alla Newsletter\" action=\"https:\/\/ns1.habitrealestate.com\/wp-admin\/admin-ajax.php\">\n            <input type=\"hidden\" name=\"form_id\" value=\"a55a1de\"\/>\n            <input type=\"hidden\" name=\"houzez_contact_form\" value=\"yes\"\/>\n            <input type=\"hidden\" name=\"action\" value=\"houzez_ele_contact_form\" \/>\n            <input type=\"hidden\" name=\"source_link\" value=\"https:\/\/ns1.habitrealestate.com\/it\/noi\/\" \/>\n            <input type=\"hidden\" name=\"lead_page_id\" value=\"32440\" \/>\n            <input type=\"hidden\" name=\"email_to\" value=\"newsletter@habitrealestate.com\" \/>\n            <input type=\"hidden\" name=\"email_subject\" value=\"New message from &quot;Habit RealEstate &amp; Constructions Company in the Dodecanese islands&quot;\" \/>\n            <input type=\"hidden\" name=\"email_to_cc\" value=\"\" \/>\n            <input type=\"hidden\" name=\"email_to_bcc\" value=\"\" \/>\n            <input type=\"hidden\" name=\"webhook\" value=\"true\" \/>\n            <input type=\"hidden\" name=\"webhook_url\" value=\"\" \/>\n            <input type=\"hidden\" name=\"redirect_to\" value=\"\" \/>\n            <input type=\"hidden\" name=\"google_recaptcha\" value=\"yes\" \/>\n            \n\n            <div class=\"elementor-form-fields-wrapper elementor-labels-above\">\n\n                                    <div class=\"elementor-field-group elementor-column form-group elementor-field-group-name elementor-col-33 elementor-field-required elementor-mark-required\">\n                    <label for=\"form-field-name\" class=\"elementor-field-label\">Nome<\/label><input type=\"text\" name=\"name\" id=\"form-field-name\" class=\"elementor-field form-control elementor-size-xs elementor-field-textual\" placeholder=\"Il suo Nome\" title=\"* Nome\" required=\"required\">                    <\/div>\n\n                                        <div class=\"elementor-field-group elementor-column form-group elementor-field-group-email elementor-col-33 elementor-field-required elementor-mark-required\">\n                    <label for=\"form-field-email\" class=\"elementor-field-label\">Email<\/label><input type=\"email\" name=\"email\" id=\"form-field-email\" class=\"elementor-field form-control elementor-size-xs elementor-field-textual\" placeholder=\"Il Suo Email\" title=\"* Email\" required=\"required\">                    <\/div>\n\n                    \n                    \n                                        <div class=\"\">\n                        <div class=\"form-group captcha_wrapper houzez-grecaptcha-v3\">\n    <div class=\"houzez_google_reCaptcha\"><\/div>\n<\/div>\n                    <\/div>\n                    \n                    <div class=\"elementor-field-group elementor-column elementor-field-type-submit elementor-col-33\">\n                    <button type=\"submit\" class=\"houzez-submit-button houzez-contact-form-js elementor-button elementor-size-sm\">\n                        <i class=\"btn-loader houzez-loader-js\"><\/i>\n                                                    Iscriversi                                            <\/button>\n                <\/div>\n            <\/div><!-- End wrapper-->\n            <br\/>\n            <div class=\"ele-form-messages\"><\/div>\n            <div class=\"error-container\"><\/div>\n\n        <\/form>\n\n    \t\t<\/div>\n\t\t\t\t<\/div>\n\t\t\t\t<\/div>\n\t\t\t\t<\/div>\n\t\t","protected":false},"excerpt":{"rendered":"<p>Qualche parola su di noi La nostra Azienda Habit offre una proposta globale nel campo esigente del mercato immobiliare nelle isola del Dodecanneso principalmente, e anche in altre parti della Grecia isolana e continentale, in funzione delle esigenze della nostra clientela, come pure delle opportunit\u00e0 di profitto dei nostri clienti in questo mercato. Assieme a [&hellip;]<\/p>\n","protected":false},"author":1,"featured_media":30599,"parent":0,"menu_order":0,"comment_status":"closed","ping_status":"closed","template":"","meta":{"footnotes":""},"class_list":["post-32440","page","type-page","status-publish","has-post-thumbnail","hentry"],"_links":{"self":[{"href":"https:\/\/ns1.habitrealestate.com\/it\/wp-json\/wp\/v2\/pages\/32440","targetHints":{"allow":["GET"]}}],"collection":[{"href":"https:\/\/ns1.habitrealestate.com\/it\/wp-json\/wp\/v2\/pages"}],"about":[{"href":"https:\/\/ns1.habitrealestate.com\/it\/wp-json\/wp\/v2\/types\/page"}],"author":[{"embeddable":true,"href":"https:\/\/ns1.habitrealestate.com\/it\/wp-json\/wp\/v2\/users\/1"}],"replies":[{"embeddable":true,"href":"https:\/\/ns1.habitrealestate.com\/it\/wp-json\/wp\/v2\/comments?post=32440"}],"version-history":[{"count":4,"href":"https:\/\/ns1.habitrealestate.com\/it\/wp-json\/wp\/v2\/pages\/32440\/revisions"}],"predecessor-version":[{"id":32927,"href":"https:\/\/ns1.habitrealestate.com\/it\/wp-json\/wp\/v2\/pages\/32440\/revisions\/32927"}],"wp:featuredmedia":[{"embeddable":true,"href":"https:\/\/ns1.habitrealestate.com\/it\/wp-json\/wp\/v2\/media\/30599"}],"wp:attachment":[{"href":"https:\/\/ns1.habitrealestate.com\/it\/wp-json\/wp\/v2\/media?parent=32440"}],"curies":[{"name":"wp","href":"https:\/\/api.w.org\/{rel}","templated":true}]}}