{"id":32964,"date":"2024-10-08T15:55:30","date_gmt":"2024-10-08T13:55:30","guid":{"rendered":"https:\/\/habitrealestate.com\/?page_id=32964"},"modified":"2025-02-03T10:28:28","modified_gmt":"2025-02-03T08:28:28","slug":"constructions","status":"publish","type":"page","link":"https:\/\/ns1.habitrealestate.com\/fr\/constructions\/","title":{"rendered":"Constructions"},"content":{"rendered":"\t\t<div data-elementor-type=\"wp-page\" data-elementor-id=\"32964\" class=\"elementor elementor-32964 elementor-20504\">\n\t\t\t\t<div class=\"elementor-element elementor-element-b5cd2e6 e-flex e-con-boxed e-con e-parent\" data-id=\"b5cd2e6\" data-element_type=\"container\">\n\t\t\t\t\t<div class=\"e-con-inner\">\n\t\t\t\t<div class=\"elementor-element elementor-element-0d151ec elementor-widget elementor-widget-heading\" data-id=\"0d151ec\" data-element_type=\"widget\" data-widget_type=\"heading.default\">\n\t\t\t\t<div class=\"elementor-widget-container\">\n\t\t\t<h2 class=\"elementor-heading-title elementor-size-default\">Comment nous entreprenons les constructions<\/h2>\t\t<\/div>\n\t\t\t\t<\/div>\n\t\t\t\t<div class=\"elementor-element elementor-element-df35dbe elementor-widget elementor-widget-text-editor\" data-id=\"df35dbe\" data-element_type=\"widget\" data-widget_type=\"text-editor.default\">\n\t\t\t\t<div class=\"elementor-widget-container\">\n\t\t\t\t\t\t\t<div id=\"qe-faq-3553\" class=\"qe-faq-content\">\n\n<img decoding=\"async\" class=\"alignleft\" src=\"\/wp-content\/uploads\/2024\/10\/2-3.jpg\" width=\"228\" align=\"left\" border=\"0\" \/><b>Que<\/b>\u00a0vous n&#8217;ayez pas trouv\u00e9 de maison qui vous plaise (ou que ce que vous avez trouv\u00e9 soit hors de vos possibilit\u00e9s financi\u00e8res), que vous poss\u00e9diez d\u00e9j\u00e0 un terrain pour construire votre propre maison, que vous ayez d\u00e9j\u00e0 une maison \u00e0 vous que vous devez modifier,<b>\u00a0<i>Habit<\/i><\/b>\u00a0par l&#8217;interm\u00e9diaire de (et avec) notre partenaire DOMON-architectes, concr\u00e9tise tout projet en donnant une preuve physique \u00e0 toute id\u00e9e de d\u00e9veloppement. Nous entreprenons toute construction \u00e0 usage personnel ou professionnel.\nNous vous garantissons que votre implication dans le processus, tant pour la partie pratique que technique, sera minimale. Toutes les activit\u00e9s auront \u00e9t\u00e9 soigneusement planifi\u00e9es et convenues avec vous au pr\u00e9alable. Vous serez au courant du r\u00e9sultat final et du budget avant notre premi\u00e8re fouille.\nLa bonne mise en \u0153uvre de la strat\u00e9gie est exclusivement de notre responsabilit\u00e9. Pendant le d\u00e9veloppement, nous vous donnons la joie d&#8217;anticiper la r\u00e9alisation de vos visualisations, sans ressentir ni pression ni anxi\u00e9t\u00e9. Si vous poss\u00e9dez d\u00e9j\u00e0 une propri\u00e9t\u00e9 et que vous souhaitez reconstruire, reconstruire une r\u00e9sidence existante, r\u00e9nover une maison de style traditionnel ou cr\u00e9er une entreprise orient\u00e9e vers la vision, nous pouvons prendre en charge enti\u00e8rement votre projet et vous donner des id\u00e9es et des conseils sur les mat\u00e9riaux et les styles.\nVous pouvez voir certains de nos travaux sur notre page\u00a0<a href=\"\/fr\/portfolio\" target=\"_blank\" rel=\"noopener\"><span style=\"color: #c78822;\">portfolio.<\/span><\/a>\nCependant, dans tous les cas ci-dessus, certaines questions doivent \u00eatre prises en consid\u00e9ration et certaines \u00e9tapes d&#8217;action doivent \u00eatre suivies&#8230; Voici une pr\u00e9sentation r\u00e9capitulative de ces \u00e9tapes\u00a0:\n\n<\/div>\n<div id=\"qe-faq-3553\" class=\"qe-faq-content\">\n<h4>1. S\u00c9LECTION DU STYLE DE CONSTRUCTION, DES CO\u00dbTS ET DES DESSINS<\/h4>\nCette section comprend les id\u00e9es et les besoins du client concernant la fonctionnalit\u00e9 et le mode et le style de construction ou de reconstruction.\nNous nous assurons que vous \u00eates au courant des sujets abord\u00e9s afin que nous obtenions un r\u00e9sultat qui refl\u00e8te vos exigences, qui est enti\u00e8rement \u00e9quip\u00e9 de toutes les fournitures technologiques et esth\u00e9tiques existantes et dans le budget d\u00e9termin\u00e9. Ce processus a un produit final, les conceptions architecturales et autres techniques, qui sont la base de la mat\u00e9rialisation de l&#8217;\u00e9difice que nous avons convenu \u00e0 la fin de cette discussion. Ces plans et dessins constituent la proposition de construction qui sera pr\u00e9sent\u00e9e au bureau d&#8217;urbanisme comp\u00e9tent de la mairie pour approbation.\n\n<\/div>\n<div id=\"qe-faq-3553\" class=\"qe-faq-content\">\n<h4>2. PERMIS DE CONSTRUIRE<\/h4>\nApr\u00e8s avoir pr\u00e9sent\u00e9 la proposition de construction au bureau d&#8217;urbanisme municipal, nous remettons un dossier avec tous les documents n\u00e9cessaires (plans, rapports, \u00e9tudes et documents fiscaux justificatifs) et nous suivons l&#8217;avancement jusqu&#8217;\u00e0 la d\u00e9livrance du permis.\n\n<\/div>\n<div id=\"qe-faq-3553\" class=\"qe-faq-content\">\n<h4>3. ACCORD SOUS SEING PRIV\u00c9<\/h4>\nPendant et\/ou apr\u00e8s la d\u00e9livrance du permis de construire, une allocation budg\u00e9taire et une planification sont mises en \u0153uvre en fonction des mat\u00e9riaux qui seront utilis\u00e9s pour l&#8217;\u00e9difice concern\u00e9. Le budget est discut\u00e9 et modifi\u00e9 dans la mesure du raisonnable, si n\u00e9cessaire, en ajoutant ou en soustrayant des travaux et des mat\u00e9riaux, et lorsqu&#8217;il est convenu, il constitue la base de l&#8217;accord final. L&#8217;accord final est sign\u00e9 par les deux parties. Les termes et conditions de cet accord sont financiers, techniques, juridiques et relatifs aux mat\u00e9riaux qui vont \u00eatre utilis\u00e9s. Ces termes sont en g\u00e9n\u00e9ral les suivants :\n<ul>Ces termes sont en g\u00e9n\u00e9ral les suivants :\n \t<li>&#8211; La description g\u00e9n\u00e9rale des travaux.<\/li>\n \t<li>&#8211; Les responsabilit\u00e9s du constructeur envers le propri\u00e9taire.<\/li>\n \t<li>&#8211; Les d\u00e9lais de livraison de l&#8217;\u00e9difice et les clauses financi\u00e8res en cas de retard de livraison.<\/li>\n \t<li>&#8211; Le montant total et le calendrier des paiements en fonction de l&#8217;avancement des travaux.<\/li>\n \t<li>&#8211; La description pr\u00e9cise des travaux et des mat\u00e9riaux pour chaque partie de l&#8217;\u00e9difice (c&#8217;est-\u00e0-dire gros \u0153uvre, murs, toitures, charpentes, installations) constitue une deuxi\u00e8me partie du contrat en annexe \u00e0 celui-ci.<\/li>\n \t<li>&#8211; Les plans et les dessins de l&#8217;\u00e9difice et des installations sont \u00e9galement joints et constituent (comme le contrat technique d\u00e9crit ci-dessus) une partie indissociable du contrat.<\/li>\n<\/ul>\n&nbsp;\n\n<\/div>\n<div id=\"qe-faq-3553\" class=\"qe-faq-content\">\n<h4>4. MATERIALISATION<\/h4>\nVotre initiative dans cette partie est insignifiante puisque l&#8217;ex\u00e9cution des plans et de toutes les conditions convenues est de notre responsabilit\u00e9, garantissant la livraison du produit souhait\u00e9. Votre participation est minimale, puisque votre seule t\u00e2che est de vous asseoir, d\u00e9tendu comme vous l&#8217;\u00eates maintenant, et d&#8217;observer notre ex\u00e9cution selon le calendrier. Vous pouvez visiter le chantier quand vous le souhaitez, tous les jours ou jamais, mais nous vous sugg\u00e9rons d&#8217;\u00eatre pr\u00e9sent \u00e0 deux ou trois moments cruciaux, concernant le choix de certains d\u00e9tails qui sont critiques pour le produit final.\n\n<\/div>\n<h6>Le r\u00e9sultat de nombreux travaux que nous avons r\u00e9alis\u00e9s, vous pouvez le voir <a href=\"\/fr\/portfolio\" target=\"_blank\" rel=\"noopener\"><span style=\"color: #c78822;\">Ici.<\/span><\/a>\u200b<\/h6>\t\t\t\t\t\t<\/div>\n\t\t\t\t<\/div>\n\t\t\t\t\t<\/div>\n\t\t\t\t<\/div>\n\t\t<div class=\"elementor-element elementor-element-0c0a051 e-flex e-con-boxed e-con e-parent\" data-id=\"0c0a051\" data-element_type=\"container\">\n\t\t\t\t\t<div class=\"e-con-inner\">\n\t\t<div class=\"elementor-element elementor-element-d14911e e-con-full e-flex e-con e-child\" data-id=\"d14911e\" data-element_type=\"container\" data-settings=\"{&quot;background_background&quot;:&quot;classic&quot;}\">\n\t\t<div class=\"elementor-element elementor-element-548cf75 e-con-full e-flex e-con e-child\" data-id=\"548cf75\" data-element_type=\"container\">\n\t\t\t\t<div class=\"elementor-element elementor-element-67ecf7c elementor-widget elementor-widget-text-editor\" data-id=\"67ecf7c\" data-element_type=\"widget\" data-widget_type=\"text-editor.default\">\n\t\t\t\t<div class=\"elementor-widget-container\">\n\t\t\t\t\t\t\t<strong><span style=\"font-size: -;\">Abonnez-vous \u00e0 notre Newsletter, afin de recevoir en premier nos Nouvelles Annonces et Promotions.<\/span><\/strong>\t\t\t\t\t\t<\/div>\n\t\t\t\t<\/div>\n\t\t\t\t<\/div>\n\t\t\t\t<div class=\"elementor-element elementor-element-910c554 elementor-button-align-stretch elementor-widget elementor-widget-houzez_elementor_contact_form\" data-id=\"910c554\" data-element_type=\"widget\" data-widget_type=\"houzez_elementor_contact_form.default\">\n\t\t\t\t<div class=\"elementor-widget-container\">\n\t\t\t\n        <script type=\"application\/javascript\">\n            jQuery(document).bind(\"ready\", function () {\n                houzezValidateElementor(\"#houzez-form-910c554\" );\n            });\n        <\/script>\n\n        <form class=\"elementor-form\" id=\"houzez-form-910c554\" method=\"post\" name=\"Newsletter Subscription\" action=\"https:\/\/ns1.habitrealestate.com\/wp-admin\/admin-ajax.php\">\n            <input type=\"hidden\" name=\"form_id\" value=\"910c554\"\/>\n            <input type=\"hidden\" name=\"houzez_contact_form\" value=\"yes\"\/>\n            <input type=\"hidden\" name=\"action\" value=\"houzez_ele_contact_form\" \/>\n            <input type=\"hidden\" name=\"source_link\" value=\"https:\/\/ns1.habitrealestate.com\/fr\/constructions\/\" \/>\n            <input type=\"hidden\" name=\"lead_page_id\" value=\"32964\" \/>\n            <input type=\"hidden\" name=\"email_to\" value=\"newsletter@habitrealestate.com\" \/>\n            <input type=\"hidden\" name=\"email_subject\" value=\"New message from &quot;Habit RealEstate &amp; Constructions Company in the Dodecanese islands&quot;\" \/>\n            <input type=\"hidden\" name=\"email_to_cc\" value=\"\" \/>\n            <input type=\"hidden\" name=\"email_to_bcc\" value=\"\" \/>\n            <input type=\"hidden\" name=\"webhook\" value=\"true\" \/>\n            <input type=\"hidden\" name=\"webhook_url\" value=\"\" \/>\n            <input type=\"hidden\" name=\"redirect_to\" value=\"\" \/>\n            <input type=\"hidden\" name=\"google_recaptcha\" value=\"yes\" \/>\n            \n\n            <div class=\"elementor-form-fields-wrapper elementor-labels-above\">\n\n                                    <div class=\"elementor-field-group elementor-column form-group elementor-field-group-name elementor-col-33 elementor-field-required elementor-mark-required\">\n                    <label for=\"form-field-name\" class=\"elementor-field-label\">Nom<\/label><input type=\"text\" name=\"name\" id=\"form-field-name\" class=\"elementor-field form-control elementor-size-xs elementor-field-textual\" placeholder=\"Votre Nom\" title=\"* Nom\" required=\"required\">                    <\/div>\n\n                                        <div class=\"elementor-field-group elementor-column form-group elementor-field-group-email elementor-col-33 elementor-field-required elementor-mark-required\">\n                    <label for=\"form-field-email\" class=\"elementor-field-label\">Email<\/label><input type=\"email\" name=\"email\" id=\"form-field-email\" class=\"elementor-field form-control elementor-size-xs elementor-field-textual\" placeholder=\"Votre Email\" title=\"* Email\" required=\"required\">                    <\/div>\n\n                    \n                    \n                                        <div class=\"\">\n                        <div class=\"form-group captcha_wrapper houzez-grecaptcha-v3\">\n    <div class=\"houzez_google_reCaptcha\"><\/div>\n<\/div>\n                    <\/div>\n                    \n                    <div class=\"elementor-field-group elementor-column elementor-field-type-submit elementor-col-33\">\n                    <button type=\"submit\" class=\"houzez-submit-button houzez-contact-form-js elementor-button elementor-size-sm\">\n                        <i class=\"btn-loader houzez-loader-js\"><\/i>\n                                                    Abonnez-vous                                            <\/button>\n                <\/div>\n            <\/div><!-- End wrapper-->\n            <br\/>\n            <div class=\"ele-form-messages\"><\/div>\n            <div class=\"error-container\"><\/div>\n\n        <\/form>\n\n    \t\t<\/div>\n\t\t\t\t<\/div>\n\t\t\t\t<\/div>\n\t\t\t\t\t<\/div>\n\t\t\t\t<\/div>\n\t\t\t\t<\/div>\n\t\t","protected":false},"excerpt":{"rendered":"<p>Comment nous entreprenons les constructions Que\u00a0vous n&#8217;ayez pas trouv\u00e9 de maison qui vous plaise (ou que ce que vous avez trouv\u00e9 soit hors de vos possibilit\u00e9s financi\u00e8res), que vous poss\u00e9diez d\u00e9j\u00e0 un terrain pour construire votre propre maison, que vous ayez d\u00e9j\u00e0 une maison \u00e0 vous que vous devez modifier,\u00a0Habit\u00a0par l&#8217;interm\u00e9diaire de (et avec) notre [&hellip;]<\/p>\n","protected":false},"author":2,"featured_media":0,"parent":0,"menu_order":0,"comment_status":"closed","ping_status":"closed","template":"","meta":{"footnotes":""},"class_list":["post-32964","page","type-page","status-publish","hentry"],"_links":{"self":[{"href":"https:\/\/ns1.habitrealestate.com\/fr\/wp-json\/wp\/v2\/pages\/32964","targetHints":{"allow":["GET"]}}],"collection":[{"href":"https:\/\/ns1.habitrealestate.com\/fr\/wp-json\/wp\/v2\/pages"}],"about":[{"href":"https:\/\/ns1.habitrealestate.com\/fr\/wp-json\/wp\/v2\/types\/page"}],"author":[{"embeddable":true,"href":"https:\/\/ns1.habitrealestate.com\/fr\/wp-json\/wp\/v2\/users\/2"}],"replies":[{"embeddable":true,"href":"https:\/\/ns1.habitrealestate.com\/fr\/wp-json\/wp\/v2\/comments?post=32964"}],"version-history":[{"count":8,"href":"https:\/\/ns1.habitrealestate.com\/fr\/wp-json\/wp\/v2\/pages\/32964\/revisions"}],"predecessor-version":[{"id":33263,"href":"https:\/\/ns1.habitrealestate.com\/fr\/wp-json\/wp\/v2\/pages\/32964\/revisions\/33263"}],"wp:attachment":[{"href":"https:\/\/ns1.habitrealestate.com\/fr\/wp-json\/wp\/v2\/media?parent=32964"}],"curies":[{"name":"wp","href":"https:\/\/api.w.org\/{rel}","templated":true}]}}