{"id":31613,"date":"2024-10-08T16:55:36","date_gmt":"2024-10-08T14:55:36","guid":{"rendered":"https:\/\/habitrealestate.com\/services-2\/"},"modified":"2025-02-01T13:07:33","modified_gmt":"2025-02-01T11:07:33","slug":"services","status":"publish","type":"page","link":"https:\/\/ns1.habitrealestate.com\/fr\/services\/","title":{"rendered":"Services"},"content":{"rendered":"\t\t<div data-elementor-type=\"wp-page\" data-elementor-id=\"31613\" class=\"elementor elementor-31613 elementor-22372\">\n\t\t\t\t<div class=\"elementor-element elementor-element-08f452e e-flex e-con-boxed e-con e-parent\" data-id=\"08f452e\" data-element_type=\"container\">\n\t\t\t\t\t<div class=\"e-con-inner\">\n\t\t<div class=\"elementor-element elementor-element-0775066 e-con-full e-flex e-con e-child\" data-id=\"0775066\" data-element_type=\"container\">\n\t\t\t\t<div class=\"elementor-element elementor-element-d31d762 elementor-widget elementor-widget-heading\" data-id=\"d31d762\" data-element_type=\"widget\" data-widget_type=\"heading.default\">\n\t\t\t\t<div class=\"elementor-widget-container\">\n\t\t\t<h2 class=\"elementor-heading-title elementor-size-default\">Services que Nous Offrons<\/h2>\t\t<\/div>\n\t\t\t\t<\/div>\n\t\t\t\t<\/div>\n\t\t\t\t\t<\/div>\n\t\t\t\t<\/div>\n\t\t<div class=\"elementor-element elementor-element-3fbb43c e-flex e-con-boxed e-con e-parent\" data-id=\"3fbb43c\" data-element_type=\"container\">\n\t\t\t\t\t<div class=\"e-con-inner\">\n\t\t\t\t<div class=\"elementor-element elementor-element-fe5b03a elementor-widget elementor-widget-text-editor\" data-id=\"fe5b03a\" data-element_type=\"widget\" data-widget_type=\"text-editor.default\">\n\t\t\t\t<div class=\"elementor-widget-container\">\n\t\t\t\t\t\t\t<div id=\"qe-faq-3553\" class=\"qe-faq-content\">\n<h4><u>1. SERVICES IMMOBILI\u00c8RES<\/u><\/h4>\n<b>a) Services de Vente de Biens<\/b>\n<br>\u00c7a concerne des propri\u00e9taires de biens immobiliers. Nous entreprenons la vente de vos biens immobiliers gr\u00e2ce \u00e0 la projection appropri\u00e9e et leur promotion \u00e0 travers notre Web-site que il renvoie \u00e0 tous les moteurs de recherche dignes de confiance de biens immobiliers. Il existe \u00e9galement une large liste des clients de notre agence dans l&#8217;attente de d\u00e9couvrir le bien immobilier appropri\u00e9. Pour la prise en charge de la vente il faut les justificatifs suivants: <a>Voir Ici.\n<\/a><br>\n<b>b) Achats<\/b>\n<br>Services de d\u00e9couverte et d&#8217; achat des biens immobiliers pour des acheteurs candidats. <b style=\"color: #75797a;\"> Habit<\/b> dispose d&#8217;un spectre large de biens immobiliers. Surement un de ceux-ci, peut constituer l&#8217;investissement appropri\u00e9 pour vous.<br>\n<b>c) Mises en location<\/b>\n<br>Les locations concernent les propri\u00e9taires qui souhaitent louer leur bien \u00e0 des tiers pour un usage personnel ou professionnel. En particulier dans les r\u00e9sidences, la location a une dur\u00e9e minimale de 3 mois avec un loyer mensuel ou un montant fixe pour une p\u00e9riode d\u00e9termin\u00e9e. Nous proposons sur notre site des annonces de location gratuites \u00e0 cet effet. Les bailleurs doivent cliquer sur le bouton <a href=\"\/fr\/create-listing\" target=\"_blank\" rel=\"noopener\">&#8220;Cr\u00e9er une annonce de location&#8221;<\/a>, se connecter ou s&#8217;inscrire (s&#8217;ils ne le sont pas), remplir le formulaire avec tous les d\u00e9tails n\u00e9cessaires concernant leur bien, \u00e9crire leurs coordonn\u00e9es personnelles (t\u00e9l\u00e9phone, e-mail ou autre) dans la description puis publier l&#8217;annonce. Il n\u2019y a aucun frais de courtage appliqu\u00e9.<br>\n<b>d) Locations<\/b>\n<br>Il s&#8217;adresse aux locataires potentiels pour un usage personnel ou professionnel. Si vous \u00eates int\u00e9ress\u00e9 par la location, vous pouvez choisir en fonction de vos besoins parmi les diff\u00e9rentes propri\u00e9t\u00e9s r\u00e9pertori\u00e9es. Pour les entreprises, nous pouvons vous donner des id\u00e9es d&#8217;investissement, en vous montrant des zones d&#8217;activit\u00e9 commerciale et des propri\u00e9t\u00e9s \u00e0 exploiter. Avoir l&#8217;emplacement id\u00e9al pour votre entreprise renforce votre mission commerciale et vous aide \u00e0 atteindre vos objectifs. Si vous avez besoin de ce type d&#8217;aide, n&#8217;h\u00e9sitez pas \u00e0 nous contacter via le Formulaire d&#8217;Assistance sur notre page d&#8217;accueil.<br>\n\n&nbsp;\n\n<\/div>\n<div id=\"qe-faq-3553\" class=\"qe-faq-content\">\n<h4><u>2. SERVICES de SOUTIEN d&#8217;ACHATS ET VENTES<\/u><\/h4>\n<b>a) Estimations<\/b>\n<br>L&#8217;estimation d&#8217;un bien immobilier est condition indispensable pour la d\u00e9termination \u00e9quitable de sa valeur commerciale et constitue \u00e9l\u00e9ment de base de sa facilit\u00e9 de vente ou pas. L&#8217;estimation de la valeur commerciale est offerte gratuitement aux propri\u00e9taires qui nous confient par exclusivit\u00e9 leurs biens immobiliers. L&#8217;estimation de valeur d&#8217;exploitation du bien immobilier est effectu\u00e9e lorsqu&#8217;est pr\u00e9vue exploitation d&#8217;entreprise de ce bien immobilier, sur base des conditions du march\u00e9 et de ses donn\u00e9es d&#8217;activit\u00e9 d&#8217;entreprise \u00e0 laquelle il s&#8217;int\u00e9grera. Il est \u00e9l\u00e9ment indispensable pour l&#8217;estimation de finalit\u00e9 ou non d&#8217; achat du bien immobilier concret et outil de comparaison de divers biens immobiliers pour des investisseurs exigeants.<br>\n<b>b) Services fiscaux<\/b>\n<br>Ces services comptables-fiscaux sont fournis par de collaborateurs, avec notre surveillance directe et suivi continuellement par nous, pour l&#8217; esecution rapide et correct.<br>\n<b>c) Contr\u00f4le l\u00e9gale<\/b>\n<br>Notre agence, dans tous les cas, fait un contr\u00f4le sommaire juridique initial. Avant la signature des contrats officiels ou d&#8217;autres documents officiels se r\u00e9alise un contr\u00f4le juridique complet et assidu par nos collaborateurs avocats. Ainsi est assur\u00e9e la confiance maximale par rapport aux deux co-contractants.<br>\n\n&nbsp;\n\n<\/div>\n<div id=\"qe-faq-3553\" class=\"qe-faq-content\">\n<h4><u>3. CONSTRUCTIONS<\/u><\/h4>\n<b>Services de Construction et de Consultance<\/b>\n<br><b style=\"color: #75797a;\"> Habit<\/b> fond\u00e9e sur l&#8217;exp\u00e9rience et le &#8220;know-how&#8221; de l&#8217;entreprise jumelle Domon, en coop\u00e9ration (et avec la notre propre surveillance totale) entreprends n&#8217;importe quelle construction et service consultatif technique. Tout le sujet, ainsi que les proc\u00e9dures sont mentionn\u00e9es le plus largement possible dans notre page particuli\u00e8re: <a href=\"https:\/\/habitrealestate.com\/fr\/constructions\/\" target=\"_blank\" rel=\"noopener\">Constructions.<\/a> Quelques-uns des travaux que nous avons r\u00e9alis\u00e9 vous pouvez trouver dans notre page <a href=\"https:\/\/habitrealestate.com\/fr\/portfolio\/\" target=\"_blank\" rel=\"noopener\">Portfolio<\/a>.<br>\n<br><h4><u>4. AUTRES SERVICES<\/u><\/h4>\n<b>a) Suivi et soin des biens immobili\u00e8res<\/b>\n<br><b style=\"color: #75797a; font-family: Helvetica, Arial, sans-serif; font-size: 14px;\">Habit<\/b> entreprend la surveillance de votre r\u00e9sidence, comptes, immeubles lou\u00e9es, propri\u00e9t\u00e9, soin de jardins, contr\u00f4le de probl\u00e8mes d&#8217;entretien, etc.<br>\n<b>b) Customer Support\n<\/b><br>Le personnel d&#8217;<b style=\"color: #75797a;\"> Habit<\/b> est toujours disponible. Vous pouvez nous contacter par e-mail, par t\u00e9l\u00e9phone ou nous rendre visite. Veuillez consulter notre page <a href=\"https:\/\/habitrealestate.com\/fr\/contact\/\" target=\"_parent\"> Contact<\/a> ou noter nos coordonn\u00e9es dans le pied de page de cette page. Nous sommes pr\u00eats \u00e0 vous aider de toutes les mani\u00e8res possibles!\n\n<\/div>\t\t\t\t\t\t<\/div>\n\t\t\t\t<\/div>\n\t\t\t\t\t<\/div>\n\t\t\t\t<\/div>\n\t\t<div class=\"elementor-element elementor-element-1cce46b e-flex e-con-boxed e-con e-parent\" data-id=\"1cce46b\" data-element_type=\"container\">\n\t\t\t\t\t<div class=\"e-con-inner\">\n\t\t<div class=\"elementor-element elementor-element-b682a7a e-con-full e-flex e-con e-child\" data-id=\"b682a7a\" data-element_type=\"container\" data-settings=\"{&quot;background_background&quot;:&quot;classic&quot;}\">\n\t\t<div class=\"elementor-element elementor-element-f0c7c07 e-con-full e-flex e-con e-child\" data-id=\"f0c7c07\" data-element_type=\"container\">\n\t\t\t\t<div class=\"elementor-element elementor-element-1cce1eb elementor-widget elementor-widget-text-editor\" data-id=\"1cce1eb\" data-element_type=\"widget\" data-widget_type=\"text-editor.default\">\n\t\t\t\t<div class=\"elementor-widget-container\">\n\t\t\t\t\t\t\t<p><strong><span style=\"font-size: large;\">Abonnez-vous \u00e0 notre Newsletter, afin de recevoir en premier nos Nouvelles Annonces et Promotions.<\/span><\/strong><\/p>\n\t\t\t\t\t\t<\/div>\n\t\t\t\t<\/div>\n\t\t\t\t<\/div>\n\t\t\t\t<div class=\"elementor-element elementor-element-a780b29 elementor-button-align-stretch elementor-widget elementor-widget-houzez_elementor_contact_form\" data-id=\"a780b29\" data-element_type=\"widget\" data-widget_type=\"houzez_elementor_contact_form.default\">\n\t\t\t\t<div class=\"elementor-widget-container\">\n\t\t\t\n        <script type=\"application\/javascript\">\n            jQuery(document).bind(\"ready\", function () {\n                houzezValidateElementor(\"#houzez-form-a780b29\" );\n            });\n        <\/script>\n\n        <form class=\"elementor-form\" id=\"houzez-form-a780b29\" method=\"post\" name=\"Inscription \u00e0 la newsletter\" action=\"https:\/\/ns1.habitrealestate.com\/wp-admin\/admin-ajax.php\">\n            <input type=\"hidden\" name=\"form_id\" value=\"a780b29\"\/>\n            <input type=\"hidden\" name=\"houzez_contact_form\" value=\"yes\"\/>\n            <input type=\"hidden\" name=\"action\" value=\"houzez_ele_contact_form\" \/>\n            <input type=\"hidden\" name=\"source_link\" value=\"https:\/\/ns1.habitrealestate.com\/fr\/services\/\" \/>\n            <input type=\"hidden\" name=\"lead_page_id\" value=\"31613\" \/>\n            <input type=\"hidden\" name=\"email_to\" value=\"newsletter@habitrealestate.com\" \/>\n            <input type=\"hidden\" name=\"email_subject\" value=\"New message from &quot;Habit RealEstate &amp; Constructions Company in the Dodecanese islands&quot;\" \/>\n            <input type=\"hidden\" name=\"email_to_cc\" value=\"\" \/>\n            <input type=\"hidden\" name=\"email_to_bcc\" value=\"\" \/>\n            <input type=\"hidden\" name=\"webhook\" value=\"true\" \/>\n            <input type=\"hidden\" name=\"webhook_url\" value=\"\" \/>\n            <input type=\"hidden\" name=\"redirect_to\" value=\"\" \/>\n            <input type=\"hidden\" name=\"google_recaptcha\" value=\"yes\" \/>\n            \n\n            <div class=\"elementor-form-fields-wrapper elementor-labels-above\">\n\n                                    <div class=\"elementor-field-group elementor-column form-group elementor-field-group-name elementor-col-33 elementor-field-required elementor-mark-required\">\n                    <label for=\"form-field-name\" class=\"elementor-field-label\">Nom<\/label><input type=\"text\" name=\"name\" id=\"form-field-name\" class=\"elementor-field form-control elementor-size-xs elementor-field-textual\" placeholder=\"Votre Nom\" title=\"* Nom\" required=\"required\">                    <\/div>\n\n                                        <div class=\"elementor-field-group elementor-column form-group elementor-field-group-email elementor-col-33 elementor-field-required elementor-mark-required\">\n                    <label for=\"form-field-email\" class=\"elementor-field-label\">Email<\/label><input type=\"email\" name=\"email\" id=\"form-field-email\" class=\"elementor-field form-control elementor-size-xs elementor-field-textual\" placeholder=\"Votre e-mail\" title=\"* Email\" required=\"required\">                    <\/div>\n\n                    \n                    \n                                        <div class=\"\">\n                        <div class=\"form-group captcha_wrapper houzez-grecaptcha-v3\">\n    <div class=\"houzez_google_reCaptcha\"><\/div>\n<\/div>\n                    <\/div>\n                    \n                    <div class=\"elementor-field-group elementor-column elementor-field-type-submit elementor-col-33\">\n                    <button type=\"submit\" class=\"houzez-submit-button houzez-contact-form-js elementor-button elementor-size-sm\">\n                        <i class=\"btn-loader houzez-loader-js\"><\/i>\n                                                    Subscribe                                            <\/button>\n                <\/div>\n            <\/div><!-- End wrapper-->\n            <br\/>\n            <div class=\"ele-form-messages\"><\/div>\n            <div class=\"error-container\"><\/div>\n\n        <\/form>\n\n    \t\t<\/div>\n\t\t\t\t<\/div>\n\t\t\t\t<\/div>\n\t\t\t\t\t<\/div>\n\t\t\t\t<\/div>\n\t\t\t\t<\/div>\n\t\t","protected":false},"excerpt":{"rendered":"<p>Services que Nous Offrons 1. SERVICES IMMOBILI\u00c8RES a) Services de Vente de Biens \u00c7a concerne des propri\u00e9taires de biens immobiliers. Nous entreprenons la vente de vos biens immobiliers gr\u00e2ce \u00e0 la projection appropri\u00e9e et leur promotion \u00e0 travers notre Web-site que il renvoie \u00e0 tous les moteurs de recherche dignes de confiance de biens immobiliers. [&hellip;]<\/p>\n","protected":false},"author":1,"featured_media":0,"parent":0,"menu_order":0,"comment_status":"closed","ping_status":"closed","template":"","meta":{"footnotes":""},"class_list":["post-31613","page","type-page","status-publish","hentry"],"_links":{"self":[{"href":"https:\/\/ns1.habitrealestate.com\/fr\/wp-json\/wp\/v2\/pages\/31613","targetHints":{"allow":["GET"]}}],"collection":[{"href":"https:\/\/ns1.habitrealestate.com\/fr\/wp-json\/wp\/v2\/pages"}],"about":[{"href":"https:\/\/ns1.habitrealestate.com\/fr\/wp-json\/wp\/v2\/types\/page"}],"author":[{"embeddable":true,"href":"https:\/\/ns1.habitrealestate.com\/fr\/wp-json\/wp\/v2\/users\/1"}],"replies":[{"embeddable":true,"href":"https:\/\/ns1.habitrealestate.com\/fr\/wp-json\/wp\/v2\/comments?post=31613"}],"version-history":[{"count":15,"href":"https:\/\/ns1.habitrealestate.com\/fr\/wp-json\/wp\/v2\/pages\/31613\/revisions"}],"predecessor-version":[{"id":32899,"href":"https:\/\/ns1.habitrealestate.com\/fr\/wp-json\/wp\/v2\/pages\/31613\/revisions\/32899"}],"wp:attachment":[{"href":"https:\/\/ns1.habitrealestate.com\/fr\/wp-json\/wp\/v2\/media?parent=31613"}],"curies":[{"name":"wp","href":"https:\/\/api.w.org\/{rel}","templated":true}]}}