{"id":31503,"date":"2020-02-24T22:15:15","date_gmt":"2020-02-24T20:15:15","guid":{"rendered":"https:\/\/habitrealestate.com\/about\/"},"modified":"2025-02-01T16:52:03","modified_gmt":"2025-02-01T14:52:03","slug":"nous","status":"publish","type":"page","link":"https:\/\/ns1.habitrealestate.com\/fr\/nous\/","title":{"rendered":"Nous"},"content":{"rendered":"\t\t<div data-elementor-type=\"wp-page\" data-elementor-id=\"31503\" class=\"elementor elementor-31503 elementor-16650\">\n\t\t\t\t\t\t<section class=\"elementor-section elementor-top-section elementor-element elementor-element-09038dc elementor-section-content-top elementor-section-boxed elementor-section-height-default elementor-section-height-default\" data-id=\"09038dc\" data-element_type=\"section\" data-settings=\"{&quot;background_background&quot;:&quot;classic&quot;}\">\n\t\t\t\t\t\t\t<div class=\"elementor-background-overlay\"><\/div>\n\t\t\t\t\t\t\t<div class=\"elementor-container elementor-column-gap-no\">\n\t\t\t\t\t<div class=\"elementor-column elementor-col-100 elementor-top-column elementor-element elementor-element-c8278ac\" data-id=\"c8278ac\" data-element_type=\"column\" data-settings=\"{&quot;background_background&quot;:&quot;classic&quot;}\">\n\t\t\t<div class=\"elementor-widget-wrap elementor-element-populated\">\n\t\t\t\t\t\t<div class=\"elementor-element elementor-element-d13ab62 elementor-widget elementor-widget-heading\" data-id=\"d13ab62\" data-element_type=\"widget\" data-widget_type=\"heading.default\">\n\t\t\t\t<div class=\"elementor-widget-container\">\n\t\t\t<h2 class=\"elementor-heading-title elementor-size-default\">Quelques mots sur nous<\/h2>\t\t<\/div>\n\t\t\t\t<\/div>\n\t\t\t\t<div class=\"elementor-element elementor-element-69fe9b8 elementor-widget__width-initial elementor-widget elementor-widget-text-editor\" data-id=\"69fe9b8\" data-element_type=\"widget\" data-widget_type=\"text-editor.default\">\n\t\t\t\t<div class=\"elementor-widget-container\">\n\t\t\t\t\t\t\t<div id=\"qe-faq-3553\" class=\"qe-faq-content\" style=\"padding-top: 1px; margin: 10px 0px; color: #75797a; font-family: Helvetica, Arial, sans-serif; font-size: 14px; text-align: start;\">\n<h4 style=\"margin: 0px 0px 15px; font-family: Roboto, Helvetica, Arial, sans-serif; font-weight: normal; line-height: 26px; color: #394041; text-rendering: optimizelegibility; font-size: 20px;\">Notre Soci\u00e9t\u00e9<\/h4>\n<div id=\"qe-faq-3553\" class=\"qe-faq-content\" style=\"padding-top: 1px; margin: 10px 0px; color: #75797a; font-family: Helvetica, Arial, sans-serif; font-size: 14px; text-transform: none;\">\n<p style=\"margin-right: 0px; margin-bottom: 15px; margin-left: 0px; line-height: 27px; font-size: 13px;\"><b><img decoding=\"async\" style=\"border-width: 0px; border-style: initial; margin-right: 15px;\" src=\"\/wp-content\/uploads\/2024\/10\/mylos.jpg\" width=\"228\" align=\"left\" border=\"0\">Habit<\/b> offre une proposition compl\u00e8te dans le domaine fortement exigeant du march\u00e9 immobilier aux \u00eeles du nord de Dodecan\u00e8se, et d&#8217;autres r\u00e9gions de la Gr\u00e8ce, choisies selon les besoins de nos clients et les opportunit\u00e9s de b\u00e9n\u00e9fice sur ce march\u00e9. Avec la compagnie de constructions et de consultations &#8220;<a href=\"https:\/\/domon.biz\" target=\"_blank\" rel=\"noopener\">Domon Architects<\/a>&#8220;, qui est la deuxi\u00e8me soci\u00e9t\u00e9 de notre petit groupe, nous pouvons finaliser pour vous avec succ\u00e8s n&#8217;importe quelle investissement dans ce domaine. Nous sommes membres de toutes les associations officielles nationales (grecques) et internationales d&#8217;agents immobiliers et de constructeurs.<\/p>\n<\/div>\n<h4 style=\"margin-right: 0px; margin-bottom: 15px; margin-left: 0px; font-family: Roboto, Helvetica, Arial, sans-serif; line-height: 26px; color: #394041; text-rendering: optimizelegibility; font-size: 20px;\">Notre Histoire<\/h4>\n<div id=\"qe-faq-3553\" class=\"qe-faq-content\" style=\"padding-top: 1px; margin: 10px 0px; color: #75797a; font-family: Helvetica, Arial, sans-serif; font-size: 14px; text-transform: none;\">\n<p style=\"margin-right: 0px; margin-bottom: 15px; margin-left: 0px; line-height: 27px; font-size: 13px;\"><img decoding=\"async\" style=\"border-width: 0px; border-style: initial; margin-right: 15px;\" src=\"\/wp-content\/uploads\/2024\/10\/4-2.jpg\" width=\"228\" align=\"left\" border=\"0\"><b>Notre<\/b> exp\u00e9rience commence il y a vingt ans, lorsque commence notre activit\u00e9 de prestation de services initialement au secteur de la construction seulement (plans, surveillance, et fabrication de r\u00e9sidences, de b\u00e2timents sp\u00e9ciaux, d&#8217;h\u00f4tels, restaurations de monuments et d&#8217;autres b\u00e2timents traditionnels).<br \/>Dans notre exp\u00e9rience est devenue manifeste le besoin d&#8217;avoir une couverture totale et une protection de notre client\u00e8le en g\u00e9n\u00e9ral, et du chaque investissement en particulier, pour, ce qui concerne l&#8217;ensemble des actions qui pr\u00e9c\u00e8dent et s&#8217;ensuivent la phase de construction. Ceci peut faire la diff\u00e9rence sp\u00e9cifique pour le succ\u00e8s d&#8217; un investissement: choix correct de sorte d&#8217;investissement, de place, du projet financier, usage et prestige, \u00e9l\u00e9ments qui d\u00e9terminent le succ\u00e8s de l&#8217;investissement peut-\u00eatre davantage de sa phase de concr\u00e9tisation.<\/p>\n<p>   Initialement nous avons constat\u00e9 que nos clients \u00e0 grande majorit\u00e9 avaient l&#8217;exp\u00e9rience mauvaise de se perdre avec des mauvaises choix, collaborateurs incomp\u00e9tents, perte de temps et d&#8217;argent au labyrinthe de la bureaucratie, recouvrement de responsabilit\u00e9s (ou plut\u00f4t d&#8217;irresponsabilit\u00e9s souvent) des personnes engag\u00e9s aux proc\u00e9dures d&#8217;un investissement. Finalement ils arrivaient \u00e0 concr\u00e9tiser seulement un petit pourcentage de ce qui ils avaient mis comme objectif. Ainsi initialement nous avons pens\u00e8 de centraliser toutes ces actions lat\u00e9rales qui sont indispensables pour chaque investissement. Rapidement nous avons compris que ceci exige organisation, r\u00e9partition de responsabilit\u00e9s et finalement une direction central des toutes les proc\u00e9dures de concr\u00e9tisation afin que devienne possible d&#8217; obtenir les avantages comparatifs du chaque investissement.<br \/>Ainsi a \u00e9t\u00e9 engendr\u00e9 cet petit groupe d&#8217;entreprises avec objectif final la direction comp\u00e9tente et la r\u00e9alisation efficace du chaque investissement, en offrant une gamme int\u00e9gr\u00e9e de services qui commencent de l&#8217;enqu\u00eate du march\u00e9, jusqu&#8217;\u00e0 l assurance et \u00e0 l&#8217;entretien du produit final. Ceux deux entreprises jumelles ont une pr\u00e9sence diff\u00e9renci\u00e9e dans le march\u00e9 immobilier et celui de la construction soit en raison des produits qui proposent soit par rapport au public qui sont adress\u00e9s. Le plus important est que les services qu&#8217;ils offrent \u00e0 tous les secteurs sont de prescriptions \u00e9lev\u00e9es (de qualit\u00e9, d&#8217;esth\u00e9tique et d&#8217;exigences \u00e9lev\u00e9es). Par cons\u00e9quent ils sont adress\u00e9s \u00e0 un public exigeant, qu&#8217;il recherche des services hors l&#8217; ordinaire, qu&#8217;il recherche la qualit\u00e9, l&#8217;esth\u00e9tique et les services consultatifs de longue haleine.       <\/p>\n<\/div>\n<h4 style=\"margin-right: 0px; margin-bottom: 15px; margin-left: 0px; font-family: Roboto, Helvetica, Arial, sans-serif; line-height: 26px; color: #394041; text-rendering: optimizelegibility; font-size: 20px;\">Les personnes<\/h4>\n<div id=\"qe-faq-3553\" class=\"qe-faq-content\" style=\"padding-top: 1px; margin: 10px 0px; color: #75797a; font-family: Helvetica, Arial, sans-serif; font-size: 14px; text-transform: none;\">\n<p style=\"margin-right: 0px; margin-bottom: 15px; margin-left: 0px; line-height: 27px; font-size: 13px;\"><img decoding=\"async\" style=\"border-width: 0px; border-style: initial; margin-right: 15px;\" src=\"\/wp-content\/uploads\/2024\/10\/2-3.jpg\" width=\"228\" align=\"left\" border=\"0\"><b>Le <\/b> propri\u00e9taire et les collaborateurs principales de l&#8217;entreprise ont les qualifications indispensables soit \u00e0 travers des \u00e9tudes sp\u00e9cialis\u00e9es, soit par l&#8217;acquisition d&#8217;exp\u00e9rience sp\u00e9cialis\u00e9e au cours de l&#8217;exercice de leur activit\u00e9 professionnelle.  Propri\u00e9taire de l&#8217;entreprise est Stavros Tselemegos architecte-ing\u00e9nieur. Dipl\u00f4m\u00e9 de l&#8217;universit\u00e9 de Florence, sp\u00e9cialis\u00e9 dans la restauration de monuments (universit\u00e9 de Rome) En dehors de l&#8217;Italie, il a v\u00e9cu grands laps de temps en France et en Espagne. En dehors d&#8217;une activit\u00e9 s\u00e9lectionn\u00e9 aux pays pr\u00e9cit\u00e9s, il a travaill\u00e9 \u00e0 Ath\u00e8nes, \u00e0 Mykonos et \u00e0 Dodecan\u00e8se du nord (Leros, Patmos, Lipsi, Kalymnos, Agathonisi). Il maintient un studio d&#8217; architecture et de constructions, &#8220;<a href=\"https:\/\/domon.biz\" target=\"_blank\" rel=\"noopener\">Domon Architects<\/a>&#8220;, avec si\u00e8ge a l&#8217;\u00eele de Leros et il est actif \u00e0 toutes les \u00eeles du nord Dodecan\u00e8se. Il est \u00e9galement entrepreneur de travaux publics pour travaux de constructions, de restauration de monuments, comme aussi de paysages. Il parle anglais, fran\u00e7ais, espagnol et italien. Sa d\u00e9cision de choisir comme lieu de s\u00e9jour et d&#8217;activit\u00e9 professionnelle le groupe insulaire du nord de Dodecan\u00e8se, avec base sur une \u00eele avec histoire et une beaut\u00e9 particuli\u00e8re (l&#8217;\u00eele de Leros) \u00e9tait le r\u00e9sultat r\u00e9ussi de la qu\u00eate d&#8217; un lieu de s\u00e9jour qui assure une qualit\u00e9 sup\u00e9rieure de vie et de travail par rapport aux m\u00e9tropoles d\u00e9valoris\u00e9es en Gr\u00e8ce et le reste de l&#8217;Europe.  Son site web personel est: <a style=\"color: #8b9293;\" href=\"https:\/\/tselemegos.com\/\" target=\"_blank\" rel=\"noopener\">Celui-ci<\/a><\/p>\n<\/div>\n<\/div>\n\t\t\t\t\t\t<\/div>\n\t\t\t\t<\/div>\n\t\t\t\t\t<\/div>\n\t\t<\/div>\n\t\t\t\t\t<\/div>\n\t\t<\/section>\n\t\t<div class=\"elementor-element elementor-element-3ae5af6 e-con-full e-flex e-con e-parent\" data-id=\"3ae5af6\" data-element_type=\"container\" data-settings=\"{&quot;background_background&quot;:&quot;classic&quot;}\">\n\t\t<div class=\"elementor-element elementor-element-63a9762 e-con-full e-flex e-con e-child\" data-id=\"63a9762\" data-element_type=\"container\">\n\t\t\t\t<div class=\"elementor-element elementor-element-aff7f06 elementor-widget elementor-widget-text-editor\" data-id=\"aff7f06\" data-element_type=\"widget\" data-widget_type=\"text-editor.default\">\n\t\t\t\t<div class=\"elementor-widget-container\">\n\t\t\t\t\t\t\t<strong><span style=\"font-size: -1;\">Abonnez-vous \u00e0 notre Newsletter, afin de recevoir en priorit\u00e9 nos Nouvelles Annonces et Promotions.<\/span><\/strong>\t\t\t\t\t\t<\/div>\n\t\t\t\t<\/div>\n\t\t\t\t<\/div>\n\t\t\t\t<div class=\"elementor-element elementor-element-a55a1de elementor-button-align-stretch elementor-widget elementor-widget-houzez_elementor_contact_form\" data-id=\"a55a1de\" data-element_type=\"widget\" data-widget_type=\"houzez_elementor_contact_form.default\">\n\t\t\t\t<div class=\"elementor-widget-container\">\n\t\t\t\n        <script type=\"application\/javascript\">\n            jQuery(document).bind(\"ready\", function () {\n                houzezValidateElementor(\"#houzez-form-a55a1de\" );\n            });\n        <\/script>\n\n        <form class=\"elementor-form\" id=\"houzez-form-a55a1de\" method=\"post\" name=\"Newsletter Subscription\" action=\"https:\/\/ns1.habitrealestate.com\/wp-admin\/admin-ajax.php\">\n            <input type=\"hidden\" name=\"form_id\" value=\"a55a1de\"\/>\n            <input type=\"hidden\" name=\"houzez_contact_form\" value=\"yes\"\/>\n            <input type=\"hidden\" name=\"action\" value=\"houzez_ele_contact_form\" \/>\n            <input type=\"hidden\" name=\"source_link\" value=\"https:\/\/ns1.habitrealestate.com\/fr\/nous\/\" \/>\n            <input type=\"hidden\" name=\"lead_page_id\" value=\"31503\" \/>\n            <input type=\"hidden\" name=\"email_to\" value=\"newsletter@habitrealestate.com\" \/>\n            <input type=\"hidden\" name=\"email_subject\" value=\"New message from &quot;Habit RealEstate &amp; Constructions Company in the Dodecanese islands&quot;\" \/>\n            <input type=\"hidden\" name=\"email_to_cc\" value=\"\" \/>\n            <input type=\"hidden\" name=\"email_to_bcc\" value=\"\" \/>\n            <input type=\"hidden\" name=\"webhook\" value=\"true\" \/>\n            <input type=\"hidden\" name=\"webhook_url\" value=\"\" \/>\n            <input type=\"hidden\" name=\"redirect_to\" value=\"\" \/>\n            <input type=\"hidden\" name=\"google_recaptcha\" value=\"yes\" \/>\n            \n\n            <div class=\"elementor-form-fields-wrapper elementor-labels-above\">\n\n                                    <div class=\"elementor-field-group elementor-column form-group elementor-field-group-name elementor-col-33 elementor-field-required elementor-mark-required\">\n                    <label for=\"form-field-name\" class=\"elementor-field-label\">Nom<\/label><input type=\"text\" name=\"name\" id=\"form-field-name\" class=\"elementor-field form-control elementor-size-xs elementor-field-textual\" placeholder=\"Votre Nom\" title=\"* Nom\" required=\"required\">                    <\/div>\n\n                                        <div class=\"elementor-field-group elementor-column form-group elementor-field-group-email elementor-col-33 elementor-field-required elementor-mark-required\">\n                    <label for=\"form-field-email\" class=\"elementor-field-label\">Email<\/label><input type=\"email\" name=\"email\" id=\"form-field-email\" class=\"elementor-field form-control elementor-size-xs elementor-field-textual\" placeholder=\"Votre Email\" title=\"* Email\" required=\"required\">                    <\/div>\n\n                    \n                    \n                                        <div class=\"\">\n                        <div class=\"form-group captcha_wrapper houzez-grecaptcha-v3\">\n    <div class=\"houzez_google_reCaptcha\"><\/div>\n<\/div>\n                    <\/div>\n                    \n                    <div class=\"elementor-field-group elementor-column elementor-field-type-submit elementor-col-33\">\n                    <button type=\"submit\" class=\"houzez-submit-button houzez-contact-form-js elementor-button elementor-size-sm\">\n                        <i class=\"btn-loader houzez-loader-js\"><\/i>\n                                                    Abonnez-vous                                            <\/button>\n                <\/div>\n            <\/div><!-- End wrapper-->\n            <br\/>\n            <div class=\"ele-form-messages\"><\/div>\n            <div class=\"error-container\"><\/div>\n\n        <\/form>\n\n    \t\t<\/div>\n\t\t\t\t<\/div>\n\t\t\t\t<\/div>\n\t\t\t\t<\/div>\n\t\t","protected":false},"excerpt":{"rendered":"<p>Quelques mots sur nous Notre Soci\u00e9t\u00e9 Habit offre une proposition compl\u00e8te dans le domaine fortement exigeant du march\u00e9 immobilier aux \u00eeles du nord de Dodecan\u00e8se, et d&#8217;autres r\u00e9gions de la Gr\u00e8ce, choisies selon les besoins de nos clients et les opportunit\u00e9s de b\u00e9n\u00e9fice sur ce march\u00e9. Avec la compagnie de constructions et de consultations &#8220;Domon [&hellip;]<\/p>\n","protected":false},"author":1,"featured_media":30597,"parent":0,"menu_order":0,"comment_status":"closed","ping_status":"closed","template":"","meta":{"footnotes":""},"class_list":["post-31503","page","type-page","status-publish","has-post-thumbnail","hentry"],"_links":{"self":[{"href":"https:\/\/ns1.habitrealestate.com\/fr\/wp-json\/wp\/v2\/pages\/31503","targetHints":{"allow":["GET"]}}],"collection":[{"href":"https:\/\/ns1.habitrealestate.com\/fr\/wp-json\/wp\/v2\/pages"}],"about":[{"href":"https:\/\/ns1.habitrealestate.com\/fr\/wp-json\/wp\/v2\/types\/page"}],"author":[{"embeddable":true,"href":"https:\/\/ns1.habitrealestate.com\/fr\/wp-json\/wp\/v2\/users\/1"}],"replies":[{"embeddable":true,"href":"https:\/\/ns1.habitrealestate.com\/fr\/wp-json\/wp\/v2\/comments?post=31503"}],"version-history":[{"count":7,"href":"https:\/\/ns1.habitrealestate.com\/fr\/wp-json\/wp\/v2\/pages\/31503\/revisions"}],"predecessor-version":[{"id":32915,"href":"https:\/\/ns1.habitrealestate.com\/fr\/wp-json\/wp\/v2\/pages\/31503\/revisions\/32915"}],"wp:featuredmedia":[{"embeddable":true,"href":"https:\/\/ns1.habitrealestate.com\/fr\/wp-json\/wp\/v2\/media\/30597"}],"wp:attachment":[{"href":"https:\/\/ns1.habitrealestate.com\/fr\/wp-json\/wp\/v2\/media?parent=31503"}],"curies":[{"name":"wp","href":"https:\/\/api.w.org\/{rel}","templated":true}]}}