{"id":31114,"date":"2020-03-02T10:27:05","date_gmt":"2020-03-02T08:27:05","guid":{"rendered":"https:\/\/habitrealestate.com\/contactez-nous\/"},"modified":"2025-01-29T17:02:44","modified_gmt":"2025-01-29T15:02:44","slug":"contact","status":"publish","type":"page","link":"https:\/\/ns1.habitrealestate.com\/fr\/contact\/","title":{"rendered":"Contactez-nous"},"content":{"rendered":"\t\t<div data-elementor-type=\"wp-page\" data-elementor-id=\"31114\" class=\"elementor elementor-31114 elementor-16941\">\n\t\t\t\t\t\t<section class=\"elementor-section elementor-top-section elementor-element elementor-element-125aa3d elementor-section-height-min-height animated-slow elementor-section-boxed elementor-section-height-default elementor-section-items-middle elementor-invisible\" data-id=\"125aa3d\" data-element_type=\"section\" data-settings=\"{&quot;background_background&quot;:&quot;classic&quot;,&quot;animation&quot;:&quot;fadeIn&quot;}\">\n\t\t\t\t\t\t\t<div class=\"elementor-background-overlay\"><\/div>\n\t\t\t\t\t\t\t<div class=\"elementor-container elementor-column-gap-default\">\n\t\t\t\t\t<div class=\"elementor-column elementor-col-100 elementor-top-column elementor-element elementor-element-3b3a0df\" data-id=\"3b3a0df\" data-element_type=\"column\">\n\t\t\t<div class=\"elementor-widget-wrap elementor-element-populated\">\n\t\t\t\t\t\t<div class=\"elementor-element elementor-element-1bdf606 elementor-widget elementor-widget-heading\" data-id=\"1bdf606\" data-element_type=\"widget\" data-widget_type=\"heading.default\">\n\t\t\t\t<div class=\"elementor-widget-container\">\n\t\t\t<h1 class=\"elementor-heading-title elementor-size-default\">Contactez-nous<\/h1>\t\t<\/div>\n\t\t\t\t<\/div>\n\t\t\t\t\t<\/div>\n\t\t<\/div>\n\t\t\t\t\t<\/div>\n\t\t<\/section>\n\t\t\t\t<section class=\"elementor-section elementor-top-section elementor-element elementor-element-5ec2734 elementor-section-boxed elementor-section-height-default elementor-section-height-default\" data-id=\"5ec2734\" data-element_type=\"section\">\n\t\t\t\t\t\t<div class=\"elementor-container elementor-column-gap-default\">\n\t\t\t\t\t<div class=\"elementor-column elementor-col-100 elementor-top-column elementor-element elementor-element-e1bd41f\" data-id=\"e1bd41f\" data-element_type=\"column\">\n\t\t\t<div class=\"elementor-widget-wrap\">\n\t\t\t\t\t\t\t<\/div>\n\t\t<\/div>\n\t\t\t\t\t<\/div>\n\t\t<\/section>\n\t\t\t\t<section class=\"elementor-section elementor-top-section elementor-element elementor-element-d0b02e7 elementor-section-content-top animated-slow elementor-section-boxed elementor-section-height-default elementor-section-height-default elementor-invisible\" data-id=\"d0b02e7\" data-element_type=\"section\" data-settings=\"{&quot;animation&quot;:&quot;fadeIn&quot;}\">\n\t\t\t\t\t\t<div class=\"elementor-container elementor-column-gap-default\">\n\t\t\t\t\t<div class=\"elementor-column elementor-col-50 elementor-top-column elementor-element elementor-element-bd2c54b\" data-id=\"bd2c54b\" data-element_type=\"column\" data-settings=\"{&quot;background_background&quot;:&quot;classic&quot;}\">\n\t\t\t<div class=\"elementor-widget-wrap elementor-element-populated\">\n\t\t\t\t\t\t<div class=\"elementor-element elementor-element-f4a5b85 elementor-widget__width-initial elementor-button-align-stretch elementor-widget elementor-widget-houzez_elementor_contact_form\" data-id=\"f4a5b85\" data-element_type=\"widget\" data-widget_type=\"houzez_elementor_contact_form.default\">\n\t\t\t\t<div class=\"elementor-widget-container\">\n\t\t\t\n        <script type=\"application\/javascript\">\n            jQuery(document).bind(\"ready\", function () {\n                houzezValidateElementor(\"#houzez-form-f4a5b85\" );\n            });\n        <\/script>\n\n        <form class=\"elementor-form\" id=\"houzez-form-f4a5b85\" method=\"post\" name=\"Nouvelle forme\" action=\"https:\/\/ns1.habitrealestate.com\/wp-admin\/admin-ajax.php\">\n            <input type=\"hidden\" name=\"form_id\" value=\"f4a5b85\"\/>\n            <input type=\"hidden\" name=\"houzez_contact_form\" value=\"yes\"\/>\n            <input type=\"hidden\" name=\"action\" value=\"houzez_ele_contact_form\" \/>\n            <input type=\"hidden\" name=\"source_link\" value=\"https:\/\/ns1.habitrealestate.com\/fr\/contact\/\" \/>\n            <input type=\"hidden\" name=\"lead_page_id\" value=\"31114\" \/>\n            <input type=\"hidden\" name=\"email_to\" value=\"info@habitrealestate.com\" \/>\n            <input type=\"hidden\" name=\"email_subject\" value=\"New Message from Habit website\" \/>\n            <input type=\"hidden\" name=\"email_to_cc\" value=\"\" \/>\n            <input type=\"hidden\" name=\"email_to_bcc\" value=\"\" \/>\n            <input type=\"hidden\" name=\"webhook\" value=\"false\" \/>\n            <input type=\"hidden\" name=\"webhook_url\" value=\"\" \/>\n            <input type=\"hidden\" name=\"redirect_to\" value=\"\" \/>\n            <input type=\"hidden\" name=\"google_recaptcha\" value=\"yes\" \/>\n            \n\n            <div class=\"elementor-form-fields-wrapper elementor-labels-above\">\n\n                                    <div class=\"elementor-field-group elementor-column form-group elementor-field-group-name elementor-col-50 elementor-field-required elementor-mark-required\">\n                    <label for=\"form-field-name\" class=\"elementor-field-label\">Pr\u00e9nom<\/label><input type=\"text\" name=\"first_name\" id=\"form-field-name\" class=\"elementor-field form-control elementor-size-sm elementor-field-textual\" placeholder=\"Entrez votre nom\" title=\"* Pr\u00e9nom\" required=\"required\">                    <\/div>\n\n                                        <div class=\"elementor-field-group elementor-column form-group elementor-field-group-bf18955 elementor-col-50 elementor-field-required elementor-mark-required\">\n                    <label for=\"form-field-bf18955\" class=\"elementor-field-label\">Nom de Famille<\/label><input type=\"text\" name=\"last_name\" id=\"form-field-bf18955\" class=\"elementor-field form-control elementor-size-sm elementor-field-textual\" placeholder=\"Entrez votre Nome de Famille\" title=\"* Nom de Famille\" required=\"required\">                    <\/div>\n\n                                        <div class=\"elementor-field-group elementor-column form-group elementor-field-group-email elementor-col-50 elementor-field-required elementor-mark-required\">\n                    <label for=\"form-field-email\" class=\"elementor-field-label\">Email<\/label><input type=\"email\" name=\"email\" id=\"form-field-email\" class=\"elementor-field form-control elementor-size-sm elementor-field-textual\" placeholder=\"Entrez votre Email\" title=\"* Email\" required=\"required\">                    <\/div>\n\n                                        <div class=\"elementor-field-group elementor-column form-group elementor-field-group-958da68 elementor-col-50\">\n                    <label for=\"form-field-958da68\" class=\"elementor-field-label\">Num\u00e9ro de \u03a4\u00e9l\u00e9phone<\/label><input type=\"text\" name=\"home_phone\" id=\"form-field-958da68\" class=\"elementor-field form-control elementor-size-sm elementor-field-textual\" placeholder=\"Entrez votre Email\" title=\"* Num\u00e9ro de \u03a4\u00e9l\u00e9phone\">                    <\/div>\n\n                                        <div class=\"elementor-field-group elementor-column form-group elementor-field-group-message elementor-col-100 elementor-field-required elementor-mark-required\">\n                    <label for=\"form-field-message\" class=\"elementor-field-label\">Message<\/label><textarea class=\"elementor-field-textual elementor-field elementor-size-sm\" name=\"message\" id=\"form-field-message\" rows=\"4\" placeholder=\"Entrez votre Message\" required=\"required\" title=\"* Message\"><\/textarea>                    <\/div>\n\n                    \n                    \n                                        <div class=\"\">\n                        <div class=\"form-group captcha_wrapper houzez-grecaptcha-v3\">\n    <div class=\"houzez_google_reCaptcha\"><\/div>\n<\/div>\n                    <\/div>\n                    \n                    <div class=\"elementor-field-group elementor-column elementor-field-type-submit elementor-col-100\">\n                    <button type=\"submit\" class=\"houzez-submit-button houzez-contact-form-js elementor-button elementor-size-sm\">\n                        <i class=\"btn-loader houzez-loader-js\"><\/i>\n                                                    Submit                                            <\/button>\n                <\/div>\n            <\/div><!-- End wrapper-->\n            <br\/>\n            <div class=\"ele-form-messages\"><\/div>\n            <div class=\"error-container\"><\/div>\n\n        <\/form>\n\n    \t\t<\/div>\n\t\t\t\t<\/div>\n\t\t<div class=\"elementor-element elementor-element-d488d30 e-con-full e-flex e-con e-parent\" data-id=\"d488d30\" data-element_type=\"container\" data-settings=\"{&quot;background_background&quot;:&quot;classic&quot;}\">\n\t\t<div class=\"elementor-element elementor-element-414cf35 e-con-full e-flex e-con e-child\" data-id=\"414cf35\" data-element_type=\"container\">\n\t\t\t\t<div class=\"elementor-element elementor-element-e4ecc6e elementor-widget elementor-widget-text-editor\" data-id=\"e4ecc6e\" data-element_type=\"widget\" data-widget_type=\"text-editor.default\">\n\t\t\t\t<div class=\"elementor-widget-container\">\n\t\t\t\t\t\t\t<p><strong>Subscribe to our Newsletter, in order to receive first our New Ads and Promotions<\/strong><\/p>\n\t\t\t\t\t\t<\/div>\n\t\t\t\t<\/div>\n\t\t\t\t<\/div>\n\t\t\t\t<div class=\"elementor-element elementor-element-cfc6a0d elementor-button-align-stretch elementor-widget elementor-widget-houzez_elementor_contact_form\" data-id=\"cfc6a0d\" data-element_type=\"widget\" data-widget_type=\"houzez_elementor_contact_form.default\">\n\t\t\t\t<div class=\"elementor-widget-container\">\n\t\t\t\n        <script type=\"application\/javascript\">\n            jQuery(document).bind(\"ready\", function () {\n                houzezValidateElementor(\"#houzez-form-cfc6a0d\" );\n            });\n        <\/script>\n\n        <form class=\"elementor-form\" id=\"houzez-form-cfc6a0d\" method=\"post\" name=\"Newsletter Subscription\" action=\"https:\/\/ns1.habitrealestate.com\/wp-admin\/admin-ajax.php\">\n            <input type=\"hidden\" name=\"form_id\" value=\"cfc6a0d\"\/>\n            <input type=\"hidden\" name=\"houzez_contact_form\" value=\"yes\"\/>\n            <input type=\"hidden\" name=\"action\" value=\"houzez_ele_contact_form\" \/>\n            <input type=\"hidden\" name=\"source_link\" value=\"https:\/\/ns1.habitrealestate.com\/fr\/contact\/\" \/>\n            <input type=\"hidden\" name=\"lead_page_id\" value=\"31114\" \/>\n            <input type=\"hidden\" name=\"email_to\" value=\"newsletter@habitrealestate.com\" \/>\n            <input type=\"hidden\" name=\"email_subject\" value=\"New message from &quot;Habit RealEstate &amp; Constructions Company in the Dodecanese islands&quot;\" \/>\n            <input type=\"hidden\" name=\"email_to_cc\" value=\"\" \/>\n            <input type=\"hidden\" name=\"email_to_bcc\" value=\"\" \/>\n            <input type=\"hidden\" name=\"webhook\" value=\"true\" \/>\n            <input type=\"hidden\" name=\"webhook_url\" value=\"\" \/>\n            <input type=\"hidden\" name=\"redirect_to\" value=\"\" \/>\n            <input type=\"hidden\" name=\"google_recaptcha\" value=\"yes\" \/>\n            \n\n            <div class=\"elementor-form-fields-wrapper elementor-labels-above\">\n\n                                    <div class=\"elementor-field-group elementor-column form-group elementor-field-group-name elementor-col-33 elementor-field-required elementor-mark-required\">\n                    <label for=\"form-field-name\" class=\"elementor-field-label\">Nom<\/label><input type=\"text\" name=\"name\" id=\"form-field-name\" class=\"elementor-field form-control elementor-size-xs elementor-field-textual\" placeholder=\"Your Full Name\" title=\"* Nom\" required=\"required\">                    <\/div>\n\n                                        <div class=\"elementor-field-group elementor-column form-group elementor-field-group-email elementor-col-33 elementor-field-required elementor-mark-required\">\n                    <label for=\"form-field-email\" class=\"elementor-field-label\">Email<\/label><input type=\"email\" name=\"email\" id=\"form-field-email\" class=\"elementor-field form-control elementor-size-xs elementor-field-textual\" placeholder=\"Your Email\" title=\"* Email\" required=\"required\">                    <\/div>\n\n                    \n                    \n                                        <div class=\"\">\n                        <div class=\"form-group captcha_wrapper houzez-grecaptcha-v3\">\n    <div class=\"houzez_google_reCaptcha\"><\/div>\n<\/div>\n                    <\/div>\n                    \n                    <div class=\"elementor-field-group elementor-column elementor-field-type-submit elementor-col-33\">\n                    <button type=\"submit\" class=\"houzez-submit-button houzez-contact-form-js elementor-button elementor-size-sm\">\n                        <i class=\"btn-loader houzez-loader-js\"><\/i>\n                                                    Subscribe                                            <\/button>\n                <\/div>\n            <\/div><!-- End wrapper-->\n            <br\/>\n            <div class=\"ele-form-messages\"><\/div>\n            <div class=\"error-container\"><\/div>\n\n        <\/form>\n\n    \t\t<\/div>\n\t\t\t\t<\/div>\n\t\t\t\t<\/div>\n\t\t\t\t\t<\/div>\n\t\t<\/div>\n\t\t\t\t<div class=\"elementor-column elementor-col-50 elementor-top-column elementor-element elementor-element-3056cd4\" data-id=\"3056cd4\" data-element_type=\"column\" data-settings=\"{&quot;background_background&quot;:&quot;classic&quot;}\">\n\t\t\t<div class=\"elementor-widget-wrap elementor-element-populated\">\n\t\t\t\t<div class=\"elementor-element elementor-element-520f5a6 e-flex e-con-boxed e-con e-parent\" data-id=\"520f5a6\" data-element_type=\"container\">\n\t\t\t\t\t<div class=\"e-con-inner\">\n\t\t\t\t<div class=\"elementor-element elementor-element-a9b0998 elementor-widget elementor-widget-text-editor\" data-id=\"a9b0998\" data-element_type=\"widget\" data-widget_type=\"text-editor.default\">\n\t\t\t\t<div class=\"elementor-widget-container\">\n\t\t\t\t\t\t\t<p><img fetchpriority=\"high\" decoding=\"async\" class=\"alignnone wp-image-22646\" src=\"https:\/\/stavros.supermanos.gr\/wp-content\/uploads\/2024\/10\/out-43-300x200.jpg\" alt=\"\" width=\"387\" height=\"258\" align=\"center\" srcset=\"https:\/\/ns1.habitrealestate.com\/wp-content\/uploads\/2024\/10\/out-43-300x200.jpg 300w, https:\/\/ns1.habitrealestate.com\/wp-content\/uploads\/2024\/10\/out-43-1024x683.jpg 1024w, https:\/\/ns1.habitrealestate.com\/wp-content\/uploads\/2024\/10\/out-43-768x512.jpg 768w, https:\/\/ns1.habitrealestate.com\/wp-content\/uploads\/2024\/10\/out-43-1536x1024.jpg 1536w, https:\/\/ns1.habitrealestate.com\/wp-content\/uploads\/2024\/10\/out-43-900x600.jpg 900w, https:\/\/ns1.habitrealestate.com\/wp-content\/uploads\/2024\/10\/out-43-496x331.jpg 496w, https:\/\/ns1.habitrealestate.com\/wp-content\/uploads\/2024\/10\/out-43.jpg 1600w\" sizes=\"(max-width: 387px) 100vw, 387px\" \/><\/p>\n\t\t\t\t\t\t<\/div>\n\t\t\t\t<\/div>\n\t\t\t\t<div class=\"elementor-element elementor-element-76750fc elementor-widget elementor-widget-text-editor\" data-id=\"76750fc\" data-element_type=\"widget\" data-widget_type=\"text-editor.default\">\n\t\t\t\t<div class=\"elementor-widget-container\">\n\t\t\t\t\t\t\t<h3>Habit Immobilier &amp; Constructeurs <\/h3>\n<h3>Dans les \u00celes grecques<\/h3>\n<ul class=\"contacts-list\">\n<li class=\"phone\"> T\u00e8l\u00e8phone : <span class=\"desktop-version\">(+30)2247028180<\/span><\/li>\n<li class=\"mobile\"> Mobile : <span class=\"desktop-version\">(+30)6932430983<\/span><\/li>\n<li class=\"email\"> Email : <a href=\"mailto:info@habit-realestate.com\">info@habit-realestate.com<\/a><\/li>\n<li class=\"address\"> Adress : Aghia Marina, Leros, Gr\u00e8ce 85400<\/li>\n<\/ul>\n\t\t\t\t\t\t<\/div>\n\t\t\t\t<\/div>\n\t\t\t\t\t<\/div>\n\t\t\t\t<\/div>\n\t\t\t\t\t<\/div>\n\t\t<\/div>\n\t\t\t\t\t<\/div>\n\t\t<\/section>\n\t\t<div class=\"elementor-element elementor-element-867586c e-flex e-con-boxed e-con e-parent\" data-id=\"867586c\" data-element_type=\"container\">\n\t\t\t\t\t<div class=\"e-con-inner\">\n\t\t\t\t<div class=\"elementor-element elementor-element-68fdb16 elementor-widget elementor-widget-text-editor\" data-id=\"68fdb16\" data-element_type=\"widget\" data-widget_type=\"text-editor.default\">\n\t\t\t\t<div class=\"elementor-widget-container\">\n\t\t\t\t\t\t\t<p><iframe src=\"https:\/\/www.google.com\/maps\/embed?pb=!1m18!1m12!1m3!1d3891.102556291742!2d26.850861876540595!3d37.156311572147814!2m3!1f0!2f0!3f0!3m2!1i1024!2i768!4f13.1!3m3!1m2!1s0x14bdc1a5e92ace2d%3A0xc25ef29e010bcdaa!2sHabit%20Real%20Estate%20%26%20Constructions!5e1!3m2!1sel!2sgr!4v1729357836525!5m2!1sel!2sgr\" width=\"600\" height=\"450\" style=\"border:0;\" allowfullscreen=\"\" loading=\"lazy\" referrerpolicy=\"no-referrer-when-downgrade\"><\/iframe><\/p>\n\t\t\t\t\t\t<\/div>\n\t\t\t\t<\/div>\n\t\t\t\t\t<\/div>\n\t\t\t\t<\/div>\n\t\t\t\t<\/div>\n\t\t","protected":false},"excerpt":{"rendered":"<p>Contactez-nous Pr\u00e9nom Nom de Famille Email Num\u00e9ro de \u03a4\u00e9l\u00e9phone Message Submit Subscribe to our Newsletter, in order to receive first our New Ads and Promotions Nom Email Subscribe Habit Immobilier &amp; Constructeurs Dans les \u00celes grecques T\u00e8l\u00e8phone : (+30)2247028180 Mobile : (+30)6932430983 Email : info@habit-realestate.com Adress : Aghia Marina, Leros, Gr\u00e8ce 85400<\/p>\n","protected":false},"author":1,"featured_media":0,"parent":0,"menu_order":0,"comment_status":"closed","ping_status":"closed","template":"template\/template-homepage.php","meta":{"footnotes":""},"class_list":["post-31114","page","type-page","status-publish","hentry"],"_links":{"self":[{"href":"https:\/\/ns1.habitrealestate.com\/fr\/wp-json\/wp\/v2\/pages\/31114","targetHints":{"allow":["GET"]}}],"collection":[{"href":"https:\/\/ns1.habitrealestate.com\/fr\/wp-json\/wp\/v2\/pages"}],"about":[{"href":"https:\/\/ns1.habitrealestate.com\/fr\/wp-json\/wp\/v2\/types\/page"}],"author":[{"embeddable":true,"href":"https:\/\/ns1.habitrealestate.com\/fr\/wp-json\/wp\/v2\/users\/1"}],"replies":[{"embeddable":true,"href":"https:\/\/ns1.habitrealestate.com\/fr\/wp-json\/wp\/v2\/comments?post=31114"}],"version-history":[{"count":15,"href":"https:\/\/ns1.habitrealestate.com\/fr\/wp-json\/wp\/v2\/pages\/31114\/revisions"}],"predecessor-version":[{"id":32789,"href":"https:\/\/ns1.habitrealestate.com\/fr\/wp-json\/wp\/v2\/pages\/31114\/revisions\/32789"}],"wp:attachment":[{"href":"https:\/\/ns1.habitrealestate.com\/fr\/wp-json\/wp\/v2\/media?parent=31114"}],"curies":[{"name":"wp","href":"https:\/\/api.w.org\/{rel}","templated":true}]}}